{"id":2937,"date":"2025-05-12T11:16:55","date_gmt":"2025-05-12T15:16:55","guid":{"rendered":"https:\/\/sdconline.com\/?page_id=2937"},"modified":"2026-02-02T18:08:46","modified_gmt":"2026-02-02T22:08:46","slug":"technicien-en-assainissement-de-conduits-de-ventilation","status":"publish","type":"page","link":"https:\/\/sdconline.com\/en\/technicien-en-assainissement-de-conduits-de-ventilation\/","title":{"rendered":"Ventilation duct sanitation technician"},"content":{"rendered":"<div data-elementor-type=\"wp-page\" data-elementor-id=\"2937\" class=\"elementor elementor-2937\">\n\t\t\t\t<div class=\"elementor-element elementor-element-8c0e803 padding-body-small e-flex e-con-boxed wpr-particle-no wpr-jarallax-no wpr-parallax-no wpr-sticky-section-no e-con e-parent\" data-id=\"8c0e803\" data-element_type=\"container\" data-settings=\"{&quot;background_background&quot;:&quot;classic&quot;,&quot;shape_divider_bottom&quot;:&quot;curve-asymmetrical&quot;}\">\n\t\t\t\t\t<div class=\"e-con-inner\">\n\t\t\t\t<div class=\"elementor-shape elementor-shape-bottom\" aria-hidden=\"true\" data-negative=\"false\">\n\t\t\t<svg xmlns=\"http:\/\/www.w3.org\/2000\/svg\" viewbox=\"0 0 1000 100\" preserveaspectratio=\"none\">\n\t<path class=\"elementor-shape-fill\" d=\"M0,0c0,0,0,6,0,6.7c0,18,240.2,93.6,615.2,92.6C989.8,98.5,1000,25,1000,6.7c0-0.7,0-6.7,0-6.7H0z\"\/>\n<\/svg>\t\t<\/div>\n\t\t<div class=\"elementor-element elementor-element-0bfce32 e-con-full e-flex wpr-particle-no wpr-jarallax-no wpr-parallax-no wpr-sticky-section-no e-con e-child\" data-id=\"0bfce32\" data-element_type=\"container\">\n\t\t\t\t<div class=\"elementor-element elementor-element-404f19ea elementor-widget-mobile__width-inherit elementor-widget elementor-widget-heading\" data-id=\"404f19ea\" data-element_type=\"widget\" data-widget_type=\"heading.default\">\n\t\t\t\t<div class=\"elementor-widget-container\">\n\t\t\t\t\t<h2 class=\"elementor-heading-title elementor-size-default\">A carrer <br>at SDC<\/h2>\t\t\t\t<\/div>\n\t\t\t\t<\/div>\n\t\t\t\t<div class=\"elementor-element elementor-element-57638a91 elementor-widget__width-initial elementor-widget elementor-widget-text-editor\" data-id=\"57638a91\" data-element_type=\"widget\" data-widget_type=\"text-editor.default\">\n\t\t\t\t<div class=\"elementor-widget-container\">\n\t\t\t\t\t\t\t\t\t<p>Are you looking for a challenging job with varied tasks? <br \/>Are you hands-on, physically fit, and eager to push yourself further? <br \/>Send us your application.<\/p>\t\t\t\t\t\t\t\t<\/div>\n\t\t\t\t<\/div>\n\t\t\t\t<\/div>\n\t\t\t\t\t<\/div>\n\t\t\t\t<\/div>\n\t\t<div class=\"elementor-element elementor-element-a599b06 padding-body-small e-flex e-con-boxed wpr-particle-no wpr-jarallax-no wpr-parallax-no wpr-sticky-section-no e-con e-parent\" data-id=\"a599b06\" data-element_type=\"container\" data-settings=\"{&quot;shape_divider_bottom&quot;:&quot;curve-asymmetrical&quot;,&quot;shape_divider_top&quot;:&quot;curve-asymmetrical&quot;,&quot;shape_divider_top_negative&quot;:&quot;yes&quot;,&quot;shape_divider_bottom_negative&quot;:&quot;yes&quot;}\">\n\t\t\t\t\t<div class=\"e-con-inner\">\n\t\t\t\t<div class=\"elementor-shape elementor-shape-top\" aria-hidden=\"true\" data-negative=\"true\">\n\t\t\t<svg xmlns=\"http:\/\/www.w3.org\/2000\/svg\" viewbox=\"0 0 1000 100\" preserveaspectratio=\"none\">\n\t<path class=\"elementor-shape-fill\" d=\"M615.2,96.7C240.2,97.8,0,18.9,0,0v100h1000V0C1000,19.2,989.8,96,615.2,96.7z\"\/>\n<\/svg>\t\t<\/div>\n\t\t\t\t<div class=\"elementor-shape elementor-shape-bottom\" aria-hidden=\"true\" data-negative=\"true\">\n\t\t\t<svg xmlns=\"http:\/\/www.w3.org\/2000\/svg\" viewbox=\"0 0 1000 100\" preserveaspectratio=\"none\">\n\t<path class=\"elementor-shape-fill\" d=\"M615.2,96.7C240.2,97.8,0,18.9,0,0v100h1000V0C1000,19.2,989.8,96,615.2,96.7z\"\/>\n<\/svg>\t\t<\/div>\n\t\t\t\t<div class=\"elementor-element elementor-element-92f4042 elementor-widget elementor-widget-spacer\" data-id=\"92f4042\" data-element_type=\"widget\" data-widget_type=\"spacer.default\">\n\t\t\t\t<div class=\"elementor-widget-container\">\n\t\t\t\t\t\t\t<div class=\"elementor-spacer\">\n\t\t\t<div class=\"elementor-spacer-inner\"><\/div>\n\t\t<\/div>\n\t\t\t\t\t\t<\/div>\n\t\t\t\t<\/div>\n\t\t\t\t<div class=\"elementor-element elementor-element-d103b6c elementor-widget elementor-widget-heading\" data-id=\"d103b6c\" data-element_type=\"widget\" data-widget_type=\"heading.default\">\n\t\t\t\t<div class=\"elementor-widget-container\">\n\t\t\t\t\t<h2 class=\"elementor-heading-title elementor-size-default\">Ventilation duct sanitation technician<\/h2>\t\t\t\t<\/div>\n\t\t\t\t<\/div>\n\t\t\t\t<div class=\"elementor-element elementor-element-13ff1f6 elementor-widget elementor-widget-spacer\" data-id=\"13ff1f6\" data-element_type=\"widget\" data-widget_type=\"spacer.default\">\n\t\t\t\t<div class=\"elementor-widget-container\">\n\t\t\t\t\t\t\t<div class=\"elementor-spacer\">\n\t\t\t<div class=\"elementor-spacer-inner\"><\/div>\n\t\t<\/div>\n\t\t\t\t\t\t<\/div>\n\t\t\t\t<\/div>\n\t\t<div class=\"elementor-element elementor-element-5e068f4 e-con-full e-flex wpr-particle-no wpr-jarallax-no wpr-parallax-no wpr-sticky-section-no e-con e-child\" data-id=\"5e068f4\" data-element_type=\"container\">\n\t\t<div class=\"elementor-element elementor-element-6df4eac e-con-full e-flex wpr-particle-no wpr-jarallax-no wpr-parallax-no wpr-sticky-section-no e-con e-child\" data-id=\"6df4eac\" data-element_type=\"container\">\n\t\t\t\t<div class=\"elementor-element elementor-element-ba6c91f elementor-widget__width-initial elementor-widget elementor-widget-text-editor\" data-id=\"ba6c91f\" data-element_type=\"widget\" data-widget_type=\"text-editor.default\">\n\t\t\t\t<div class=\"elementor-widget-container\">\n\t\t\t\t\t\t\t\t\t<div id=\"1398110624\" class=\"dmNewParagraph\" data-element-type=\"paragraph\" data-version=\"5\"><p>This position involves maintenance and cleaning of ventilation systems. Cleaning is done manually and with the help of a robot. Work locations: the island of Montreal and surrounding areas, sometimes outside Montreal.<\/p><\/div><div id=\"1837389842\" class=\"dmNewParagraph\" data-element-type=\"paragraph\" data-version=\"5\"><p>Looking for a variety of tasks? Are you hands-on, physically fit, and resourceful? Do you like flexible schedules? We\u2019re looking for someone like you! Day\/evening\/night shifts, full-time or part-time; weekdays and weekends.<\/p><\/div><div id=\"1287662953\" class=\"dmNewParagraph\" data-element-type=\"paragraph\" data-version=\"5\"><p>Our company is growing rapidly, and we need to expand our teams.<\/p><\/div>\t\t\t\t\t\t\t\t<\/div>\n\t\t\t\t<\/div>\n\t\t\t\t<div class=\"elementor-element elementor-element-ee6b360 elementor-widget elementor-widget-heading\" data-id=\"ee6b360\" data-element_type=\"widget\" data-widget_type=\"heading.default\">\n\t\t\t\t<div class=\"elementor-widget-container\">\n\t\t\t\t\t<h2 class=\"elementor-heading-title elementor-size-default\">Our requirements<\/h2>\t\t\t\t<\/div>\n\t\t\t\t<\/div>\n\t\t\t\t<div class=\"elementor-element elementor-element-62883c3 elementor-widget__width-initial elementor-widget elementor-widget-text-editor\" data-id=\"62883c3\" data-element_type=\"widget\" data-widget_type=\"text-editor.default\">\n\t\t\t\t<div class=\"elementor-widget-container\">\n\t\t\t\t\t\t\t\t\t<ul><li id=\"1398110624\" class=\"dmNewParagraph\" data-element-type=\"paragraph\" data-version=\"5\">\u00a0<span style=\"font-size: 17.6px;\">At least three years of experience.<\/span><\/li><\/ul><div id=\"1490082691\" class=\"dmNewParagraph\" data-element-type=\"paragraph\" data-version=\"5\"><ul class=\"defaultList bullet\"><li>ASP Construction Card \u2014 Certificate in General Health and Safety on Construction Sites.<\/li><li>Valid driver\u2019s license.<\/li><li>Be autonomous and have the skills to lead a team.<\/li><li>Have knowledge of reading ventilation plans.<\/li><\/ul><\/div><div id=\"1718541767\" class=\"dmNewParagraph\" data-element-type=\"paragraph\" data-version=\"5\"><p>\u00a0<\/p><p>If your skills exceed the requirements, the salary may be adjusted upward.<\/p><\/div><div id=\"1564065111\" class=\"dmNewParagraph\" data-element-type=\"paragraph\" data-version=\"5\"><p>We\u2019re waiting for you!<\/p><\/div>\t\t\t\t\t\t\t\t<\/div>\n\t\t\t\t<\/div>\n\t\t\t\t<div class=\"elementor-element elementor-element-5b4271a elementor-widget elementor-widget-spacer\" data-id=\"5b4271a\" data-element_type=\"widget\" data-widget_type=\"spacer.default\">\n\t\t\t\t<div class=\"elementor-widget-container\">\n\t\t\t\t\t\t\t<div class=\"elementor-spacer\">\n\t\t\t<div class=\"elementor-spacer-inner\"><\/div>\n\t\t<\/div>\n\t\t\t\t\t\t<\/div>\n\t\t\t\t<\/div>\n\t\t\t\t<\/div>\n\t\t\t\t<\/div>\n\t\t\t\t\t<\/div>\n\t\t\t\t<\/div>\n\t\t<div class=\"elementor-element elementor-element-fdf205f e-flex e-con-boxed wpr-particle-no wpr-jarallax-no wpr-parallax-no wpr-sticky-section-no e-con e-parent\" data-id=\"fdf205f\" data-element_type=\"container\" data-settings=\"{&quot;shape_divider_top&quot;:&quot;curve-asymmetrical&quot;,&quot;background_background&quot;:&quot;classic&quot;}\">\n\t\t\t\t\t<div class=\"e-con-inner\">\n\t\t\t\t<div class=\"elementor-shape elementor-shape-top\" aria-hidden=\"true\" data-negative=\"false\">\n\t\t\t<svg xmlns=\"http:\/\/www.w3.org\/2000\/svg\" viewbox=\"0 0 1000 100\" preserveaspectratio=\"none\">\n\t<path class=\"elementor-shape-fill\" d=\"M0,0c0,0,0,6,0,6.7c0,18,240.2,93.6,615.2,92.6C989.8,98.5,1000,25,1000,6.7c0-0.7,0-6.7,0-6.7H0z\"\/>\n<\/svg>\t\t<\/div>\n\t\t<div class=\"elementor-element elementor-element-d982f61 e-con-full e-flex wpr-particle-no wpr-jarallax-no wpr-parallax-no wpr-sticky-section-no e-con e-child\" data-id=\"d982f61\" data-element_type=\"container\">\n\t\t\t\t<div class=\"elementor-element elementor-element-3c190cc elementor-widget elementor-widget-spacer\" data-id=\"3c190cc\" data-element_type=\"widget\" data-widget_type=\"spacer.default\">\n\t\t\t\t<div class=\"elementor-widget-container\">\n\t\t\t\t\t\t\t<div class=\"elementor-spacer\">\n\t\t\t<div class=\"elementor-spacer-inner\"><\/div>\n\t\t<\/div>\n\t\t\t\t\t\t<\/div>\n\t\t\t\t<\/div>\n\t\t\t\t<div class=\"elementor-element elementor-element-d64b002 elementor-widget elementor-widget-heading\" data-id=\"d64b002\" data-element_type=\"widget\" data-widget_type=\"heading.default\">\n\t\t\t\t<div class=\"elementor-widget-container\">\n\t\t\t\t\t<h2 class=\"elementor-heading-title elementor-size-default\">Want to join our team?<\/h2>\t\t\t\t<\/div>\n\t\t\t\t<\/div>\n\t\t\t\t<div class=\"elementor-element elementor-element-077086d elementor-widget elementor-widget-spacer\" data-id=\"077086d\" data-element_type=\"widget\" data-widget_type=\"spacer.default\">\n\t\t\t\t<div class=\"elementor-widget-container\">\n\t\t\t\t\t\t\t<div class=\"elementor-spacer\">\n\t\t\t<div class=\"elementor-spacer-inner\"><\/div>\n\t\t<\/div>\n\t\t\t\t\t\t<\/div>\n\t\t\t\t<\/div>\n\t\t\t\t<div class=\"elementor-element elementor-element-f8e13e5 elementor-widget__width-initial elementor-widget elementor-widget-text-editor\" data-id=\"f8e13e5\" data-element_type=\"widget\" data-widget_type=\"text-editor.default\">\n\t\t\t\t<div class=\"elementor-widget-container\">\n\t\t\t\t\t\t\t\t\t<p class=\"p2\">Fill out the form below and send us your application. We look forward to reviewing your profile!<\/p>\t\t\t\t\t\t\t\t<\/div>\n\t\t\t\t<\/div>\n\t\t\t\t<\/div>\n\t\t<div class=\"elementor-element elementor-element-b0636c9 e-con-full padding-body-small e-flex wpr-particle-no wpr-jarallax-no wpr-parallax-no wpr-sticky-section-no e-con e-child\" data-id=\"b0636c9\" data-element_type=\"container\">\n\t\t\t\t<div class=\"elementor-element elementor-element-7df33e7 elementor-widget elementor-widget-html\" data-id=\"7df33e7\" data-element_type=\"widget\" data-widget_type=\"html.default\">\n\t\t\t\t<div class=\"elementor-widget-container\">\n\t\t\t\t\t<iframe\r\n    src=\"https:\/\/api.leadconnectorhq.com\/widget\/form\/UIGttYcNUy6fVeATlirk\"\r\n    style=\"width:100%;height:100%;border:none;border-radius:30px\"\r\n    id=\"inline-UIGttYcNUy6fVeATlirk\" \r\n    data-layout=\"{'id':'INLINE'}\"\r\n    data-trigger-type=\"alwaysShow\"\r\n    data-trigger-value=\"\"\r\n    data-activation-type=\"alwaysActivated\"\r\n    data-activation-value=\"\"\r\n    data-deactivation-type=\"neverDeactivate\"\r\n    data-deactivation-value=\"\"\r\n    data-form-name=\"formulaire sdc emploi - technicien en assainissement\"\r\n    data-height=\"undefined\"\r\n    data-layout-iframe-id=\"inline-UIGttYcNUy6fVeATlirk\"\r\n    data-form-id=\"UIGttYcNUy6fVeATlirk\"\r\n    title=\"formulaire sdc emploi - technicien en assainissement\"\r\n        >\r\n<\/iframe>\r\n<script src=\"https:\/\/link.msgsndr.com\/js\/form_embed.js\"><\/script>\t\t\t\t<\/div>\n\t\t\t\t<\/div>\n\t\t\t\t<div class=\"elementor-element elementor-element-f7c9165 elementor-widget elementor-widget-html\" data-id=\"f7c9165\" data-element_type=\"widget\" data-widget_type=\"html.default\">\n\t\t\t\t<div class=\"elementor-widget-container\">\n\t\t\t\t\t<style>.elementor-element-f7c9165{display:none !important}<\/style>\t\t\t\t<\/div>\n\t\t\t\t<\/div>\n\t\t\t\t<\/div>\n\t\t\t\t\t<\/div>\n\t\t\t\t<\/div>\n\t\t\t\t<\/div>","protected":false},"excerpt":{"rendered":"<p>Une carri\u00e8re chez SDC Vous recherchez un emploi stimulant aux t\u00e2ches vari\u00e9es? Vous \u00eates manuel, en forme physiquement et d\u00e9sirez vous surpasser? Faites-nous parvenir votre candidature. Technicien en assainissement de conduits de ventilation Ce poste consiste \u00e0 effectuer l\u2019entretien et le nettoyage des syst\u00e8mes de ventilation. Le nettoyage s\u2019effectue de fa\u00e7on manuelle et \u00e0 l\u2019aide d\u2019un robot. Lieux des travaux : l\u2019\u00eele de Montr\u00e9al et environs, parfois \u00e0 l\u2019ext\u00e9rieur de Montr\u00e9al. Tu recherches la vari\u00e9t\u00e9 des t\u00e2ches? Tu es manuel, en forme physiquement et d\u00e9brouillard? Tu aimes les horaires vari\u00e9s? Nous recherchons quelqu\u2019un comme toi! Horaires de jour\/soir\/nuit, temps plein ou partiel; sur semaine et fin de semaine. Notre compagnie est en pleine croissance, nous avons besoin d\u2019agrandir nos \u00e9quipes. Nos exigences \u00a0Au moins trois ans d\u2019exp\u00e9rience. Carte ASP Construction Attestation Cours Sant\u00e9 et s\u00e9curit\u00e9 g\u00e9n\u00e9rale sur les chantiers de construction. Permis de conduire valide. \u00catre autonome et avoir les aptitudes pour diriger une \u00e9quipe. Avoir les connaissances de lecture de plans de ventilation. \u00a0 Si vos comp\u00e9tences d\u00e9passent celles exig\u00e9es, le salaire pourrait \u00eatre revu \u00e0 la hausse. On vous attend! Envie de rejoindre notre \u00e9quipe? Remplissez le formulaire ci-dessous et envoyez-nous votre candidature. Nous avons h\u00e2te de d\u00e9couvrir votre profil !<\/p>","protected":false},"author":1,"featured_media":0,"parent":0,"menu_order":0,"comment_status":"closed","ping_status":"closed","template":"elementor_canvas","meta":{"footnotes":""},"class_list":["post-2937","page","type-page","status-publish","hentry"],"yoast_head":"<!-- This site is optimized with the Yoast SEO plugin v26.9 - https:\/\/yoast.com\/product\/yoast-seo-wordpress\/ -->\n<title>Technicien en assainissement de conduits de ventilation - SDC Travaux sp\u00e9cialis\u00e9s<\/title>\n<meta name=\"robots\" content=\"index, follow, max-snippet:-1, max-image-preview:large, max-video-preview:-1\" \/>\n<link rel=\"canonical\" href=\"https:\/\/sdconline.com\/en\/technicien-en-assainissement-de-conduits-de-ventilation\/\" \/>\n<meta property=\"og:locale\" content=\"en_US\" \/>\n<meta property=\"og:type\" content=\"article\" \/>\n<meta property=\"og:title\" content=\"Technicien en assainissement de conduits de ventilation - SDC Travaux sp\u00e9cialis\u00e9s\" \/>\n<meta property=\"og:description\" content=\"Une carri\u00e8re chez SDC Vous recherchez un emploi stimulant aux t\u00e2ches vari\u00e9es? Vous \u00eates manuel, en forme physiquement et d\u00e9sirez vous surpasser? Faites-nous parvenir votre candidature. Technicien en assainissement de conduits de ventilation Ce poste consiste \u00e0 effectuer l\u2019entretien et le nettoyage des syst\u00e8mes de ventilation. Le nettoyage s\u2019effectue de fa\u00e7on manuelle et \u00e0 l\u2019aide d\u2019un robot. Lieux des travaux : l\u2019\u00eele de Montr\u00e9al et environs, parfois \u00e0 l\u2019ext\u00e9rieur de Montr\u00e9al. Tu recherches la vari\u00e9t\u00e9 des t\u00e2ches? Tu es manuel, en forme physiquement et d\u00e9brouillard? Tu aimes les horaires vari\u00e9s? Nous recherchons quelqu\u2019un comme toi! Horaires de jour\/soir\/nuit, temps plein ou partiel; sur semaine et fin de semaine. Notre compagnie est en pleine croissance, nous avons besoin d\u2019agrandir nos \u00e9quipes. Nos exigences \u00a0Au moins trois ans d\u2019exp\u00e9rience. Carte ASP Construction Attestation Cours Sant\u00e9 et s\u00e9curit\u00e9 g\u00e9n\u00e9rale sur les chantiers de construction. Permis de conduire valide. \u00catre autonome et avoir les aptitudes pour diriger une \u00e9quipe. Avoir les connaissances de lecture de plans de ventilation. \u00a0 Si vos comp\u00e9tences d\u00e9passent celles exig\u00e9es, le salaire pourrait \u00eatre revu \u00e0 la hausse. On vous attend! Envie de rejoindre notre \u00e9quipe? Remplissez le formulaire ci-dessous et envoyez-nous votre candidature. Nous avons h\u00e2te de d\u00e9couvrir votre profil !\" \/>\n<meta property=\"og:url\" content=\"https:\/\/sdconline.com\/en\/technicien-en-assainissement-de-conduits-de-ventilation\/\" \/>\n<meta property=\"og:site_name\" content=\"SDC Travaux sp\u00e9cialis\u00e9s\" \/>\n<meta property=\"article:modified_time\" content=\"2026-02-02T22:08:46+00:00\" \/>\n<meta name=\"twitter:card\" content=\"summary_large_image\" \/>\n<meta name=\"twitter:label1\" content=\"Est. reading time\" \/>\n\t<meta name=\"twitter:data1\" content=\"2 minutes\" \/>\n<script type=\"application\/ld+json\" class=\"yoast-schema-graph\">{\"@context\":\"https:\/\/schema.org\",\"@graph\":[{\"@type\":\"WebPage\",\"@id\":\"https:\/\/sdconline.com\/technicien-en-assainissement-de-conduits-de-ventilation\/\",\"url\":\"https:\/\/sdconline.com\/technicien-en-assainissement-de-conduits-de-ventilation\/\",\"name\":\"Technicien en assainissement de conduits de ventilation - SDC Travaux sp\u00e9cialis\u00e9s\",\"isPartOf\":{\"@id\":\"https:\/\/sdconline.com\/#website\"},\"datePublished\":\"2025-05-12T15:16:55+00:00\",\"dateModified\":\"2026-02-02T22:08:46+00:00\",\"breadcrumb\":{\"@id\":\"https:\/\/sdconline.com\/technicien-en-assainissement-de-conduits-de-ventilation\/#breadcrumb\"},\"inLanguage\":\"en-CA\",\"potentialAction\":[{\"@type\":\"ReadAction\",\"target\":[\"https:\/\/sdconline.com\/technicien-en-assainissement-de-conduits-de-ventilation\/\"]}]},{\"@type\":\"BreadcrumbList\",\"@id\":\"https:\/\/sdconline.com\/technicien-en-assainissement-de-conduits-de-ventilation\/#breadcrumb\",\"itemListElement\":[{\"@type\":\"ListItem\",\"position\":1,\"name\":\"Accueil\",\"item\":\"https:\/\/sdconline.com\/\"},{\"@type\":\"ListItem\",\"position\":2,\"name\":\"Technicien en assainissement de conduits de ventilation\"}]},{\"@type\":\"WebSite\",\"@id\":\"https:\/\/sdconline.com\/#website\",\"url\":\"https:\/\/sdconline.com\/\",\"name\":\"SDC Travaux sp\u00e9cialis\u00e9s\",\"description\":\"\",\"publisher\":{\"@id\":\"https:\/\/sdconline.com\/#organization\"},\"potentialAction\":[{\"@type\":\"SearchAction\",\"target\":{\"@type\":\"EntryPoint\",\"urlTemplate\":\"https:\/\/sdconline.com\/?s={search_term_string}\"},\"query-input\":{\"@type\":\"PropertyValueSpecification\",\"valueRequired\":true,\"valueName\":\"search_term_string\"}}],\"inLanguage\":\"en-CA\"},{\"@type\":\"Organization\",\"@id\":\"https:\/\/sdconline.com\/#organization\",\"name\":\"SDC Travaux sp\u00e9cialis\u00e9s\",\"url\":\"https:\/\/sdconline.com\/\",\"logo\":{\"@type\":\"ImageObject\",\"inLanguage\":\"en-CA\",\"@id\":\"https:\/\/sdconline.com\/#\/schema\/logo\/image\/\",\"url\":\"https:\/\/sdconline.com\/wp-content\/uploads\/2025\/05\/305396420_480054937463990_5230717813518802062_n.jpg\",\"contentUrl\":\"https:\/\/sdconline.com\/wp-content\/uploads\/2025\/05\/305396420_480054937463990_5230717813518802062_n.jpg\",\"width\":458,\"height\":231,\"caption\":\"SDC Travaux sp\u00e9cialis\u00e9s\"},\"image\":{\"@id\":\"https:\/\/sdconline.com\/#\/schema\/logo\/image\/\"}}]}<\/script>\n<!-- \/ Yoast SEO plugin. -->","yoast_head_json":{"title":"Technicien en assainissement de conduits de ventilation - SDC Travaux sp\u00e9cialis\u00e9s","robots":{"index":"index","follow":"follow","max-snippet":"max-snippet:-1","max-image-preview":"max-image-preview:large","max-video-preview":"max-video-preview:-1"},"canonical":"https:\/\/sdconline.com\/en\/technicien-en-assainissement-de-conduits-de-ventilation\/","og_locale":"en_US","og_type":"article","og_title":"Technicien en assainissement de conduits de ventilation - SDC Travaux sp\u00e9cialis\u00e9s","og_description":"Une carri\u00e8re chez SDC Vous recherchez un emploi stimulant aux t\u00e2ches vari\u00e9es? Vous \u00eates manuel, en forme physiquement et d\u00e9sirez vous surpasser? Faites-nous parvenir votre candidature. Technicien en assainissement de conduits de ventilation Ce poste consiste \u00e0 effectuer l\u2019entretien et le nettoyage des syst\u00e8mes de ventilation. Le nettoyage s\u2019effectue de fa\u00e7on manuelle et \u00e0 l\u2019aide d\u2019un robot. Lieux des travaux : l\u2019\u00eele de Montr\u00e9al et environs, parfois \u00e0 l\u2019ext\u00e9rieur de Montr\u00e9al. Tu recherches la vari\u00e9t\u00e9 des t\u00e2ches? Tu es manuel, en forme physiquement et d\u00e9brouillard? Tu aimes les horaires vari\u00e9s? Nous recherchons quelqu\u2019un comme toi! Horaires de jour\/soir\/nuit, temps plein ou partiel; sur semaine et fin de semaine. Notre compagnie est en pleine croissance, nous avons besoin d\u2019agrandir nos \u00e9quipes. Nos exigences \u00a0Au moins trois ans d\u2019exp\u00e9rience. Carte ASP Construction Attestation Cours Sant\u00e9 et s\u00e9curit\u00e9 g\u00e9n\u00e9rale sur les chantiers de construction. Permis de conduire valide. \u00catre autonome et avoir les aptitudes pour diriger une \u00e9quipe. Avoir les connaissances de lecture de plans de ventilation. \u00a0 Si vos comp\u00e9tences d\u00e9passent celles exig\u00e9es, le salaire pourrait \u00eatre revu \u00e0 la hausse. On vous attend! Envie de rejoindre notre \u00e9quipe? Remplissez le formulaire ci-dessous et envoyez-nous votre candidature. Nous avons h\u00e2te de d\u00e9couvrir votre profil !","og_url":"https:\/\/sdconline.com\/en\/technicien-en-assainissement-de-conduits-de-ventilation\/","og_site_name":"SDC Travaux sp\u00e9cialis\u00e9s","article_modified_time":"2026-02-02T22:08:46+00:00","twitter_card":"summary_large_image","twitter_misc":{"Est. reading time":"2 minutes"},"schema":{"@context":"https:\/\/schema.org","@graph":[{"@type":"WebPage","@id":"https:\/\/sdconline.com\/technicien-en-assainissement-de-conduits-de-ventilation\/","url":"https:\/\/sdconline.com\/technicien-en-assainissement-de-conduits-de-ventilation\/","name":"Technicien en assainissement de conduits de ventilation - SDC Travaux sp\u00e9cialis\u00e9s","isPartOf":{"@id":"https:\/\/sdconline.com\/#website"},"datePublished":"2025-05-12T15:16:55+00:00","dateModified":"2026-02-02T22:08:46+00:00","breadcrumb":{"@id":"https:\/\/sdconline.com\/technicien-en-assainissement-de-conduits-de-ventilation\/#breadcrumb"},"inLanguage":"en-CA","potentialAction":[{"@type":"ReadAction","target":["https:\/\/sdconline.com\/technicien-en-assainissement-de-conduits-de-ventilation\/"]}]},{"@type":"BreadcrumbList","@id":"https:\/\/sdconline.com\/technicien-en-assainissement-de-conduits-de-ventilation\/#breadcrumb","itemListElement":[{"@type":"ListItem","position":1,"name":"Accueil","item":"https:\/\/sdconline.com\/"},{"@type":"ListItem","position":2,"name":"Technicien en assainissement de conduits de ventilation"}]},{"@type":"WebSite","@id":"https:\/\/sdconline.com\/#website","url":"https:\/\/sdconline.com\/","name":"SDC Travaux sp\u00e9cialis\u00e9s","description":"","publisher":{"@id":"https:\/\/sdconline.com\/#organization"},"potentialAction":[{"@type":"SearchAction","target":{"@type":"EntryPoint","urlTemplate":"https:\/\/sdconline.com\/?s={search_term_string}"},"query-input":{"@type":"PropertyValueSpecification","valueRequired":true,"valueName":"search_term_string"}}],"inLanguage":"en-CA"},{"@type":"Organization","@id":"https:\/\/sdconline.com\/#organization","name":"SDC Travaux sp\u00e9cialis\u00e9s","url":"https:\/\/sdconline.com\/","logo":{"@type":"ImageObject","inLanguage":"en-CA","@id":"https:\/\/sdconline.com\/#\/schema\/logo\/image\/","url":"https:\/\/sdconline.com\/wp-content\/uploads\/2025\/05\/305396420_480054937463990_5230717813518802062_n.jpg","contentUrl":"https:\/\/sdconline.com\/wp-content\/uploads\/2025\/05\/305396420_480054937463990_5230717813518802062_n.jpg","width":458,"height":231,"caption":"SDC Travaux sp\u00e9cialis\u00e9s"},"image":{"@id":"https:\/\/sdconline.com\/#\/schema\/logo\/image\/"}}]}},"acf":[],"_links":{"self":[{"href":"https:\/\/sdconline.com\/en\/wp-json\/wp\/v2\/pages\/2937","targetHints":{"allow":["GET"]}}],"collection":[{"href":"https:\/\/sdconline.com\/en\/wp-json\/wp\/v2\/pages"}],"about":[{"href":"https:\/\/sdconline.com\/en\/wp-json\/wp\/v2\/types\/page"}],"author":[{"embeddable":true,"href":"https:\/\/sdconline.com\/en\/wp-json\/wp\/v2\/users\/1"}],"replies":[{"embeddable":true,"href":"https:\/\/sdconline.com\/en\/wp-json\/wp\/v2\/comments?post=2937"}],"version-history":[{"count":65,"href":"https:\/\/sdconline.com\/en\/wp-json\/wp\/v2\/pages\/2937\/revisions"}],"predecessor-version":[{"id":5366,"href":"https:\/\/sdconline.com\/en\/wp-json\/wp\/v2\/pages\/2937\/revisions\/5366"}],"wp:attachment":[{"href":"https:\/\/sdconline.com\/en\/wp-json\/wp\/v2\/media?parent=2937"}],"curies":[{"name":"wp","href":"https:\/\/api.w.org\/{rel}","templated":true}]}}