{"id":3171,"date":"2025-05-12T11:55:14","date_gmt":"2025-05-12T15:55:14","guid":{"rendered":"https:\/\/sdconline.com\/?page_id=3171"},"modified":"2026-02-02T18:08:19","modified_gmt":"2026-02-02T22:08:19","slug":"prepose-au-nettoyage-industriel","status":"publish","type":"page","link":"https:\/\/sdconline.com\/en\/prepose-au-nettoyage-industriel\/","title":{"rendered":"Industrial cleaning attendant"},"content":{"rendered":"<div data-elementor-type=\"wp-page\" data-elementor-id=\"3171\" class=\"elementor elementor-3171\">\n\t\t\t\t<div class=\"elementor-element elementor-element-71c6ee99 padding-body-small e-flex e-con-boxed wpr-particle-no wpr-jarallax-no wpr-parallax-no wpr-sticky-section-no e-con e-parent\" data-id=\"71c6ee99\" data-element_type=\"container\" data-settings=\"{&quot;background_background&quot;:&quot;classic&quot;,&quot;shape_divider_bottom&quot;:&quot;curve-asymmetrical&quot;}\">\n\t\t\t\t\t<div class=\"e-con-inner\">\n\t\t\t\t<div class=\"elementor-shape elementor-shape-bottom\" aria-hidden=\"true\" data-negative=\"false\">\n\t\t\t<svg xmlns=\"http:\/\/www.w3.org\/2000\/svg\" viewbox=\"0 0 1000 100\" preserveaspectratio=\"none\">\n\t<path class=\"elementor-shape-fill\" d=\"M0,0c0,0,0,6,0,6.7c0,18,240.2,93.6,615.2,92.6C989.8,98.5,1000,25,1000,6.7c0-0.7,0-6.7,0-6.7H0z\"\/>\n<\/svg>\t\t<\/div>\n\t\t<div class=\"elementor-element elementor-element-483a7be0 e-con-full e-flex wpr-particle-no wpr-jarallax-no wpr-parallax-no wpr-sticky-section-no e-con e-child\" data-id=\"483a7be0\" data-element_type=\"container\">\n\t\t\t\t<div class=\"elementor-element elementor-element-67ec9c82 elementor-widget-mobile__width-inherit elementor-widget elementor-widget-heading\" data-id=\"67ec9c82\" data-element_type=\"widget\" data-widget_type=\"heading.default\">\n\t\t\t\t<div class=\"elementor-widget-container\">\n\t\t\t\t\t<h2 class=\"elementor-heading-title elementor-size-default\">A carrer <br>at SDC<\/h2>\t\t\t\t<\/div>\n\t\t\t\t<\/div>\n\t\t\t\t<div class=\"elementor-element elementor-element-26c8568a elementor-widget__width-initial elementor-widget-mobile__width-initial elementor-widget elementor-widget-text-editor\" data-id=\"26c8568a\" data-element_type=\"widget\" data-widget_type=\"text-editor.default\">\n\t\t\t\t<div class=\"elementor-widget-container\">\n\t\t\t\t\t\t\t\t\t<p>Are you looking for a challenging job with varied tasks? <br \/>Are you hands-on, physically fit, and eager to push yourself further? <br \/>Send us your application.<\/p>\t\t\t\t\t\t\t\t<\/div>\n\t\t\t\t<\/div>\n\t\t\t\t<\/div>\n\t\t\t\t\t<\/div>\n\t\t\t\t<\/div>\n\t\t<div class=\"elementor-element elementor-element-3fd3d7a0 padding-body-small e-flex e-con-boxed wpr-particle-no wpr-jarallax-no wpr-parallax-no wpr-sticky-section-no e-con e-parent\" data-id=\"3fd3d7a0\" data-element_type=\"container\" data-settings=\"{&quot;shape_divider_bottom&quot;:&quot;curve-asymmetrical&quot;,&quot;shape_divider_top&quot;:&quot;curve-asymmetrical&quot;,&quot;shape_divider_top_negative&quot;:&quot;yes&quot;,&quot;shape_divider_bottom_negative&quot;:&quot;yes&quot;}\">\n\t\t\t\t\t<div class=\"e-con-inner\">\n\t\t\t\t<div class=\"elementor-shape elementor-shape-top\" aria-hidden=\"true\" data-negative=\"true\">\n\t\t\t<svg xmlns=\"http:\/\/www.w3.org\/2000\/svg\" viewbox=\"0 0 1000 100\" preserveaspectratio=\"none\">\n\t<path class=\"elementor-shape-fill\" d=\"M615.2,96.7C240.2,97.8,0,18.9,0,0v100h1000V0C1000,19.2,989.8,96,615.2,96.7z\"\/>\n<\/svg>\t\t<\/div>\n\t\t\t\t<div class=\"elementor-shape elementor-shape-bottom\" aria-hidden=\"true\" data-negative=\"true\">\n\t\t\t<svg xmlns=\"http:\/\/www.w3.org\/2000\/svg\" viewbox=\"0 0 1000 100\" preserveaspectratio=\"none\">\n\t<path class=\"elementor-shape-fill\" d=\"M615.2,96.7C240.2,97.8,0,18.9,0,0v100h1000V0C1000,19.2,989.8,96,615.2,96.7z\"\/>\n<\/svg>\t\t<\/div>\n\t\t\t\t<div class=\"elementor-element elementor-element-60e7b8ba elementor-widget elementor-widget-spacer\" data-id=\"60e7b8ba\" data-element_type=\"widget\" data-widget_type=\"spacer.default\">\n\t\t\t\t<div class=\"elementor-widget-container\">\n\t\t\t\t\t\t\t<div class=\"elementor-spacer\">\n\t\t\t<div class=\"elementor-spacer-inner\"><\/div>\n\t\t<\/div>\n\t\t\t\t\t\t<\/div>\n\t\t\t\t<\/div>\n\t\t\t\t<div class=\"elementor-element elementor-element-2df6705c elementor-widget elementor-widget-heading\" data-id=\"2df6705c\" data-element_type=\"widget\" data-widget_type=\"heading.default\">\n\t\t\t\t<div class=\"elementor-widget-container\">\n\t\t\t\t\t<h2 class=\"elementor-heading-title elementor-size-default\">Industrial cleaning attendant<\/h2>\t\t\t\t<\/div>\n\t\t\t\t<\/div>\n\t\t\t\t<div class=\"elementor-element elementor-element-66b2f434 elementor-widget elementor-widget-spacer\" data-id=\"66b2f434\" data-element_type=\"widget\" data-widget_type=\"spacer.default\">\n\t\t\t\t<div class=\"elementor-widget-container\">\n\t\t\t\t\t\t\t<div class=\"elementor-spacer\">\n\t\t\t<div class=\"elementor-spacer-inner\"><\/div>\n\t\t<\/div>\n\t\t\t\t\t\t<\/div>\n\t\t\t\t<\/div>\n\t\t<div class=\"elementor-element elementor-element-4bdb43e9 e-con-full e-flex wpr-particle-no wpr-jarallax-no wpr-parallax-no wpr-sticky-section-no e-con e-child\" data-id=\"4bdb43e9\" data-element_type=\"container\">\n\t\t<div class=\"elementor-element elementor-element-780b9d15 e-con-full e-flex wpr-particle-no wpr-jarallax-no wpr-parallax-no wpr-sticky-section-no e-con e-child\" data-id=\"780b9d15\" data-element_type=\"container\">\n\t\t\t\t<div class=\"elementor-element elementor-element-6b0bebe0 elementor-widget__width-initial elementor-widget elementor-widget-text-editor\" data-id=\"6b0bebe0\" data-element_type=\"widget\" data-widget_type=\"text-editor.default\">\n\t\t\t\t<div class=\"elementor-widget-container\">\n\t\t\t\t\t\t\t\t\t<div id=\"1398110624\" class=\"dmNewParagraph\" data-element-type=\"paragraph\" data-version=\"5\"><div id=\"1398110624\" class=\"dmNewParagraph\" data-element-type=\"paragraph\" data-version=\"5\"><p>This position involves performing industrial and commercial cleaning. Cleaning is done manually. Work locations: the island of Montreal and surrounding areas, sometimes outside Montreal.<\/p><\/div><div id=\"1837389842\" class=\"dmNewParagraph\" data-element-type=\"paragraph\" data-version=\"5\"><p>No training required; candidates may be selected for free on-the-job training through the Workplace Apprenticeship Program (PAMT). A certificate of competence is issued by Emploi-Qu\u00e9bec upon completion of the training.<\/p><\/div><div id=\"1897526424\" class=\"dmNewParagraph\" data-element-type=\"paragraph\" data-version=\"5\"><p>You must be skilled in manual work, physically fit, and enjoy teamwork.<\/p><\/div><div id=\"1359136865\" class=\"dmNewParagraph\" data-element-type=\"paragraph\" data-version=\"5\"><p>Day\/evening\/night shifts, full-time or part-time, weekdays and weekends.<\/p><\/div><div id=\"1287662953\" class=\"dmNewParagraph\" data-element-type=\"paragraph\" data-version=\"5\"><p>ASP Construction Card for Health and Safety on Construction Sites is an asset.<\/p><\/div><\/div>\t\t\t\t\t\t\t\t<\/div>\n\t\t\t\t<\/div>\n\t\t\t\t<div class=\"elementor-element elementor-element-3f6bb955 elementor-widget elementor-widget-spacer\" data-id=\"3f6bb955\" data-element_type=\"widget\" data-widget_type=\"spacer.default\">\n\t\t\t\t<div class=\"elementor-widget-container\">\n\t\t\t\t\t\t\t<div class=\"elementor-spacer\">\n\t\t\t<div class=\"elementor-spacer-inner\"><\/div>\n\t\t<\/div>\n\t\t\t\t\t\t<\/div>\n\t\t\t\t<\/div>\n\t\t\t\t<\/div>\n\t\t\t\t<\/div>\n\t\t\t\t\t<\/div>\n\t\t\t\t<\/div>\n\t\t<div class=\"elementor-element elementor-element-321a3726 e-flex e-con-boxed wpr-particle-no wpr-jarallax-no wpr-parallax-no wpr-sticky-section-no e-con e-parent\" data-id=\"321a3726\" data-element_type=\"container\" data-settings=\"{&quot;shape_divider_top&quot;:&quot;curve-asymmetrical&quot;,&quot;background_background&quot;:&quot;classic&quot;}\">\n\t\t\t\t\t<div class=\"e-con-inner\">\n\t\t\t\t<div class=\"elementor-shape elementor-shape-top\" aria-hidden=\"true\" data-negative=\"false\">\n\t\t\t<svg xmlns=\"http:\/\/www.w3.org\/2000\/svg\" viewbox=\"0 0 1000 100\" preserveaspectratio=\"none\">\n\t<path class=\"elementor-shape-fill\" d=\"M0,0c0,0,0,6,0,6.7c0,18,240.2,93.6,615.2,92.6C989.8,98.5,1000,25,1000,6.7c0-0.7,0-6.7,0-6.7H0z\"\/>\n<\/svg>\t\t<\/div>\n\t\t<div class=\"elementor-element elementor-element-28e3dffb e-con-full e-flex wpr-particle-no wpr-jarallax-no wpr-parallax-no wpr-sticky-section-no e-con e-child\" data-id=\"28e3dffb\" data-element_type=\"container\">\n\t\t\t\t<div class=\"elementor-element elementor-element-7c1a1c7 elementor-widget elementor-widget-spacer\" data-id=\"7c1a1c7\" data-element_type=\"widget\" data-widget_type=\"spacer.default\">\n\t\t\t\t<div class=\"elementor-widget-container\">\n\t\t\t\t\t\t\t<div class=\"elementor-spacer\">\n\t\t\t<div class=\"elementor-spacer-inner\"><\/div>\n\t\t<\/div>\n\t\t\t\t\t\t<\/div>\n\t\t\t\t<\/div>\n\t\t\t\t<div class=\"elementor-element elementor-element-64ad0a1e elementor-widget elementor-widget-heading\" data-id=\"64ad0a1e\" data-element_type=\"widget\" data-widget_type=\"heading.default\">\n\t\t\t\t<div class=\"elementor-widget-container\">\n\t\t\t\t\t<h2 class=\"elementor-heading-title elementor-size-default\">Want to join our team?<\/h2>\t\t\t\t<\/div>\n\t\t\t\t<\/div>\n\t\t\t\t<div class=\"elementor-element elementor-element-28a1ed00 elementor-widget elementor-widget-spacer\" data-id=\"28a1ed00\" data-element_type=\"widget\" data-widget_type=\"spacer.default\">\n\t\t\t\t<div class=\"elementor-widget-container\">\n\t\t\t\t\t\t\t<div class=\"elementor-spacer\">\n\t\t\t<div class=\"elementor-spacer-inner\"><\/div>\n\t\t<\/div>\n\t\t\t\t\t\t<\/div>\n\t\t\t\t<\/div>\n\t\t\t\t<div class=\"elementor-element elementor-element-18bf19a2 elementor-widget__width-initial elementor-widget elementor-widget-text-editor\" data-id=\"18bf19a2\" data-element_type=\"widget\" data-widget_type=\"text-editor.default\">\n\t\t\t\t<div class=\"elementor-widget-container\">\n\t\t\t\t\t\t\t\t\t<p class=\"p2\">Fill out the form below and send us your application. We look forward to reviewing your profile!<\/p>\t\t\t\t\t\t\t\t<\/div>\n\t\t\t\t<\/div>\n\t\t\t\t<\/div>\n\t\t<div class=\"elementor-element elementor-element-2df64e7a e-con-full padding-body-small e-flex wpr-particle-no wpr-jarallax-no wpr-parallax-no wpr-sticky-section-no e-con e-child\" data-id=\"2df64e7a\" data-element_type=\"container\">\n\t\t\t\t<div class=\"elementor-element elementor-element-09242ff elementor-widget elementor-widget-html\" data-id=\"09242ff\" data-element_type=\"widget\" data-widget_type=\"html.default\">\n\t\t\t\t<div class=\"elementor-widget-container\">\n\t\t\t\t\t<iframe\r\n    src=\"https:\/\/api.leadconnectorhq.com\/widget\/form\/UIGttYcNUy6fVeATlirk\"\r\n    style=\"width:100%;height:100%;border:none;border-radius:30px\"\r\n    id=\"inline-UIGttYcNUy6fVeATlirk\" \r\n    data-layout=\"{'id':'INLINE'}\"\r\n    data-trigger-type=\"alwaysShow\"\r\n    data-trigger-value=\"\"\r\n    data-activation-type=\"alwaysActivated\"\r\n    data-activation-value=\"\"\r\n    data-deactivation-type=\"neverDeactivate\"\r\n    data-deactivation-value=\"\"\r\n    data-form-name=\"formulaire sdc emploi - technicien en assainissement\"\r\n    data-height=\"undefined\"\r\n    data-layout-iframe-id=\"inline-UIGttYcNUy6fVeATlirk\"\r\n    data-form-id=\"UIGttYcNUy6fVeATlirk\"\r\n    title=\"formulaire sdc emploi - technicien en assainissement\"\r\n        >\r\n<\/iframe>\r\n<script src=\"https:\/\/link.msgsndr.com\/js\/form_embed.js\"><\/script>\t\t\t\t<\/div>\n\t\t\t\t<\/div>\n\t\t\t\t<div class=\"elementor-element elementor-element-3b2b2d7 elementor-widget elementor-widget-html\" data-id=\"3b2b2d7\" data-element_type=\"widget\" data-widget_type=\"html.default\">\n\t\t\t\t<div class=\"elementor-widget-container\">\n\t\t\t\t\t<style>.elementor-element-3b2b2d7{display:none !important}<\/style>\t\t\t\t<\/div>\n\t\t\t\t<\/div>\n\t\t\t\t<\/div>\n\t\t\t\t\t<\/div>\n\t\t\t\t<\/div>\n\t\t\t\t<\/div>","protected":false},"excerpt":{"rendered":"<p>Une carri\u00e8re chez SDC Vous recherchez un emploi stimulant aux t\u00e2ches vari\u00e9es? Vous \u00eates manuel, en forme physiquement et d\u00e9sirez vous surpasser? Faites-nous parvenir votre candidature. Pr\u00e9pos\u00e9 au nettoyage industriel Ce poste consiste \u00e0 effectuer le nettoyage industriel et commercial. Le nettoyage s\u2019effectue de fa\u00e7on manuelle. Lieux des travaux : l\u2019\u00eele de Montr\u00e9al et environs, parfois \u00e0 l\u2019ext\u00e9rieur de Montr\u00e9al. Aucune formation requise; les candidats peuvent \u00eatre s\u00e9lectionn\u00e9s pour une formation gratuite en milieu de travail \u00e0 l\u2019aide du Programme d\u2019apprentissage en milieu de travail (PAMT). Un certificat de comp\u00e9tence est remis par Emploi-Qu\u00e9bec \u00e0 la fin de la formation. Vous devez \u00eatre habile au travail manuel, en forme physiquement, et aimer le travail d\u2019\u00e9quipe. Horaire de jour\/soir\/nuit, \u00e0 temps plein ou partiel, sur semaine et fin de semaine. Carte ASP Construction Sant\u00e9 et s\u00e9curit\u00e9 sur les chantiers de construction sera un atout. Envie de rejoindre notre \u00e9quipe? Remplissez le formulaire ci-dessous et envoyez-nous votre candidature. Nous avons h\u00e2te de d\u00e9couvrir votre profil !<\/p>","protected":false},"author":1,"featured_media":0,"parent":0,"menu_order":0,"comment_status":"closed","ping_status":"closed","template":"elementor_canvas","meta":{"footnotes":""},"class_list":["post-3171","page","type-page","status-publish","hentry"],"yoast_head":"<!-- This site is optimized with the Yoast SEO plugin v26.9 - https:\/\/yoast.com\/product\/yoast-seo-wordpress\/ -->\n<title>Pr\u00e9pos\u00e9 au nettoyage industriel - SDC Travaux sp\u00e9cialis\u00e9s<\/title>\n<meta name=\"description\" content=\"Vous \u00eates un pr\u00e9pos\u00e9 au nettoyage industriel d&#039;exp\u00e9rience? SDC est \u00e0 la recherce de gens comme vous, d\u00e9posez votre cv ici.\" \/>\n<meta name=\"robots\" content=\"index, follow, max-snippet:-1, max-image-preview:large, max-video-preview:-1\" \/>\n<link rel=\"canonical\" href=\"https:\/\/sdconline.com\/en\/prepose-au-nettoyage-industriel\/\" \/>\n<meta property=\"og:locale\" content=\"en_US\" \/>\n<meta property=\"og:type\" content=\"article\" \/>\n<meta property=\"og:title\" content=\"Pr\u00e9pos\u00e9 au nettoyage industriel - SDC Travaux sp\u00e9cialis\u00e9s\" \/>\n<meta property=\"og:description\" content=\"Vous \u00eates un pr\u00e9pos\u00e9 au nettoyage industriel d&#039;exp\u00e9rience? SDC est \u00e0 la recherce de gens comme vous, d\u00e9posez votre cv ici.\" \/>\n<meta property=\"og:url\" content=\"https:\/\/sdconline.com\/en\/prepose-au-nettoyage-industriel\/\" \/>\n<meta property=\"og:site_name\" content=\"SDC Travaux sp\u00e9cialis\u00e9s\" \/>\n<meta property=\"article:modified_time\" content=\"2026-02-02T22:08:19+00:00\" \/>\n<meta name=\"twitter:card\" content=\"summary_large_image\" \/>\n<meta name=\"twitter:label1\" content=\"Est. reading time\" \/>\n\t<meta name=\"twitter:data1\" content=\"1 minute\" \/>\n<script type=\"application\/ld+json\" class=\"yoast-schema-graph\">{\"@context\":\"https:\/\/schema.org\",\"@graph\":[{\"@type\":\"WebPage\",\"@id\":\"https:\/\/sdconline.com\/prepose-au-nettoyage-industriel\/\",\"url\":\"https:\/\/sdconline.com\/prepose-au-nettoyage-industriel\/\",\"name\":\"Pr\u00e9pos\u00e9 au nettoyage industriel - SDC Travaux sp\u00e9cialis\u00e9s\",\"isPartOf\":{\"@id\":\"https:\/\/sdconline.com\/#website\"},\"datePublished\":\"2025-05-12T15:55:14+00:00\",\"dateModified\":\"2026-02-02T22:08:19+00:00\",\"description\":\"Vous \u00eates un pr\u00e9pos\u00e9 au nettoyage industriel d'exp\u00e9rience? SDC est \u00e0 la recherce de gens comme vous, d\u00e9posez votre cv ici.\",\"breadcrumb\":{\"@id\":\"https:\/\/sdconline.com\/prepose-au-nettoyage-industriel\/#breadcrumb\"},\"inLanguage\":\"en-CA\",\"potentialAction\":[{\"@type\":\"ReadAction\",\"target\":[\"https:\/\/sdconline.com\/prepose-au-nettoyage-industriel\/\"]}]},{\"@type\":\"BreadcrumbList\",\"@id\":\"https:\/\/sdconline.com\/prepose-au-nettoyage-industriel\/#breadcrumb\",\"itemListElement\":[{\"@type\":\"ListItem\",\"position\":1,\"name\":\"Accueil\",\"item\":\"https:\/\/sdconline.com\/\"},{\"@type\":\"ListItem\",\"position\":2,\"name\":\"Pr\u00e9pos\u00e9 au nettoyage industriel\"}]},{\"@type\":\"WebSite\",\"@id\":\"https:\/\/sdconline.com\/#website\",\"url\":\"https:\/\/sdconline.com\/\",\"name\":\"SDC Travaux sp\u00e9cialis\u00e9s\",\"description\":\"\",\"publisher\":{\"@id\":\"https:\/\/sdconline.com\/#organization\"},\"potentialAction\":[{\"@type\":\"SearchAction\",\"target\":{\"@type\":\"EntryPoint\",\"urlTemplate\":\"https:\/\/sdconline.com\/?s={search_term_string}\"},\"query-input\":{\"@type\":\"PropertyValueSpecification\",\"valueRequired\":true,\"valueName\":\"search_term_string\"}}],\"inLanguage\":\"en-CA\"},{\"@type\":\"Organization\",\"@id\":\"https:\/\/sdconline.com\/#organization\",\"name\":\"SDC Travaux sp\u00e9cialis\u00e9s\",\"url\":\"https:\/\/sdconline.com\/\",\"logo\":{\"@type\":\"ImageObject\",\"inLanguage\":\"en-CA\",\"@id\":\"https:\/\/sdconline.com\/#\/schema\/logo\/image\/\",\"url\":\"https:\/\/sdconline.com\/wp-content\/uploads\/2025\/05\/305396420_480054937463990_5230717813518802062_n.jpg\",\"contentUrl\":\"https:\/\/sdconline.com\/wp-content\/uploads\/2025\/05\/305396420_480054937463990_5230717813518802062_n.jpg\",\"width\":458,\"height\":231,\"caption\":\"SDC Travaux sp\u00e9cialis\u00e9s\"},\"image\":{\"@id\":\"https:\/\/sdconline.com\/#\/schema\/logo\/image\/\"}}]}<\/script>\n<!-- \/ Yoast SEO plugin. -->","yoast_head_json":{"title":"Pr\u00e9pos\u00e9 au nettoyage industriel - SDC Travaux sp\u00e9cialis\u00e9s","description":"Vous \u00eates un pr\u00e9pos\u00e9 au nettoyage industriel d'exp\u00e9rience? SDC est \u00e0 la recherce de gens comme vous, d\u00e9posez votre cv ici.","robots":{"index":"index","follow":"follow","max-snippet":"max-snippet:-1","max-image-preview":"max-image-preview:large","max-video-preview":"max-video-preview:-1"},"canonical":"https:\/\/sdconline.com\/en\/prepose-au-nettoyage-industriel\/","og_locale":"en_US","og_type":"article","og_title":"Pr\u00e9pos\u00e9 au nettoyage industriel - SDC Travaux sp\u00e9cialis\u00e9s","og_description":"Vous \u00eates un pr\u00e9pos\u00e9 au nettoyage industriel d'exp\u00e9rience? SDC est \u00e0 la recherce de gens comme vous, d\u00e9posez votre cv ici.","og_url":"https:\/\/sdconline.com\/en\/prepose-au-nettoyage-industriel\/","og_site_name":"SDC Travaux sp\u00e9cialis\u00e9s","article_modified_time":"2026-02-02T22:08:19+00:00","twitter_card":"summary_large_image","twitter_misc":{"Est. reading time":"1 minute"},"schema":{"@context":"https:\/\/schema.org","@graph":[{"@type":"WebPage","@id":"https:\/\/sdconline.com\/prepose-au-nettoyage-industriel\/","url":"https:\/\/sdconline.com\/prepose-au-nettoyage-industriel\/","name":"Pr\u00e9pos\u00e9 au nettoyage industriel - SDC Travaux sp\u00e9cialis\u00e9s","isPartOf":{"@id":"https:\/\/sdconline.com\/#website"},"datePublished":"2025-05-12T15:55:14+00:00","dateModified":"2026-02-02T22:08:19+00:00","description":"Vous \u00eates un pr\u00e9pos\u00e9 au nettoyage industriel d'exp\u00e9rience? SDC est \u00e0 la recherce de gens comme vous, d\u00e9posez votre cv ici.","breadcrumb":{"@id":"https:\/\/sdconline.com\/prepose-au-nettoyage-industriel\/#breadcrumb"},"inLanguage":"en-CA","potentialAction":[{"@type":"ReadAction","target":["https:\/\/sdconline.com\/prepose-au-nettoyage-industriel\/"]}]},{"@type":"BreadcrumbList","@id":"https:\/\/sdconline.com\/prepose-au-nettoyage-industriel\/#breadcrumb","itemListElement":[{"@type":"ListItem","position":1,"name":"Accueil","item":"https:\/\/sdconline.com\/"},{"@type":"ListItem","position":2,"name":"Pr\u00e9pos\u00e9 au nettoyage industriel"}]},{"@type":"WebSite","@id":"https:\/\/sdconline.com\/#website","url":"https:\/\/sdconline.com\/","name":"SDC Travaux sp\u00e9cialis\u00e9s","description":"","publisher":{"@id":"https:\/\/sdconline.com\/#organization"},"potentialAction":[{"@type":"SearchAction","target":{"@type":"EntryPoint","urlTemplate":"https:\/\/sdconline.com\/?s={search_term_string}"},"query-input":{"@type":"PropertyValueSpecification","valueRequired":true,"valueName":"search_term_string"}}],"inLanguage":"en-CA"},{"@type":"Organization","@id":"https:\/\/sdconline.com\/#organization","name":"SDC Travaux sp\u00e9cialis\u00e9s","url":"https:\/\/sdconline.com\/","logo":{"@type":"ImageObject","inLanguage":"en-CA","@id":"https:\/\/sdconline.com\/#\/schema\/logo\/image\/","url":"https:\/\/sdconline.com\/wp-content\/uploads\/2025\/05\/305396420_480054937463990_5230717813518802062_n.jpg","contentUrl":"https:\/\/sdconline.com\/wp-content\/uploads\/2025\/05\/305396420_480054937463990_5230717813518802062_n.jpg","width":458,"height":231,"caption":"SDC Travaux sp\u00e9cialis\u00e9s"},"image":{"@id":"https:\/\/sdconline.com\/#\/schema\/logo\/image\/"}}]}},"acf":[],"_links":{"self":[{"href":"https:\/\/sdconline.com\/en\/wp-json\/wp\/v2\/pages\/3171","targetHints":{"allow":["GET"]}}],"collection":[{"href":"https:\/\/sdconline.com\/en\/wp-json\/wp\/v2\/pages"}],"about":[{"href":"https:\/\/sdconline.com\/en\/wp-json\/wp\/v2\/types\/page"}],"author":[{"embeddable":true,"href":"https:\/\/sdconline.com\/en\/wp-json\/wp\/v2\/users\/1"}],"replies":[{"embeddable":true,"href":"https:\/\/sdconline.com\/en\/wp-json\/wp\/v2\/comments?post=3171"}],"version-history":[{"count":29,"href":"https:\/\/sdconline.com\/en\/wp-json\/wp\/v2\/pages\/3171\/revisions"}],"predecessor-version":[{"id":5363,"href":"https:\/\/sdconline.com\/en\/wp-json\/wp\/v2\/pages\/3171\/revisions\/5363"}],"wp:attachment":[{"href":"https:\/\/sdconline.com\/en\/wp-json\/wp\/v2\/media?parent=3171"}],"curies":[{"name":"wp","href":"https:\/\/api.w.org\/{rel}","templated":true}]}}