{"id":3202,"date":"2025-05-12T12:36:01","date_gmt":"2025-05-12T16:36:01","guid":{"rendered":"https:\/\/sdconline.com\/?page_id=3202"},"modified":"2025-06-16T13:42:07","modified_gmt":"2025-06-16T17:42:07","slug":"realisations","status":"publish","type":"page","link":"https:\/\/sdconline.com\/en\/realisations\/","title":{"rendered":"Projects"},"content":{"rendered":"<div data-elementor-type=\"wp-page\" data-elementor-id=\"3202\" class=\"elementor elementor-3202\">\n\t\t\t\t<div class=\"elementor-element elementor-element-e2b79c4 e-flex e-con-boxed wpr-particle-no wpr-jarallax-no wpr-parallax-no wpr-sticky-section-no e-con e-parent\" data-id=\"e2b79c4\" data-element_type=\"container\">\n\t\t\t\t\t<div class=\"e-con-inner\">\n\t\t<div class=\"elementor-element elementor-element-63a8594 e-con-full e-flex wpr-particle-no wpr-jarallax-no wpr-parallax-no wpr-sticky-section-no e-con e-child\" data-id=\"63a8594\" data-element_type=\"container\" data-settings=\"{&quot;background_background&quot;:&quot;classic&quot;,&quot;shape_divider_top&quot;:&quot;curve-asymmetrical&quot;,&quot;shape_divider_bottom&quot;:&quot;curve-asymmetrical&quot;,&quot;shape_divider_bottom_negative&quot;:&quot;yes&quot;}\">\n\t\t\t\t<div class=\"elementor-shape elementor-shape-top\" aria-hidden=\"true\" data-negative=\"false\">\n\t\t\t<svg xmlns=\"http:\/\/www.w3.org\/2000\/svg\" viewbox=\"0 0 1000 100\" preserveaspectratio=\"none\">\n\t<path class=\"elementor-shape-fill\" d=\"M0,0c0,0,0,6,0,6.7c0,18,240.2,93.6,615.2,92.6C989.8,98.5,1000,25,1000,6.7c0-0.7,0-6.7,0-6.7H0z\"\/>\n<\/svg>\t\t<\/div>\n\t\t\t\t<div class=\"elementor-shape elementor-shape-bottom\" aria-hidden=\"true\" data-negative=\"true\">\n\t\t\t<svg xmlns=\"http:\/\/www.w3.org\/2000\/svg\" viewbox=\"0 0 1000 100\" preserveaspectratio=\"none\">\n\t<path class=\"elementor-shape-fill\" d=\"M615.2,96.7C240.2,97.8,0,18.9,0,0v100h1000V0C1000,19.2,989.8,96,615.2,96.7z\"\/>\n<\/svg>\t\t<\/div>\n\t\t\t\t<\/div>\n\t\t\t\t\t<\/div>\n\t\t\t\t<\/div>\n\t\t<div class=\"elementor-element elementor-element-0990975 e-flex e-con-boxed wpr-particle-no wpr-jarallax-no wpr-parallax-no wpr-sticky-section-no e-con e-parent\" data-id=\"0990975\" data-element_type=\"container\" data-settings=\"{&quot;background_background&quot;:&quot;classic&quot;,&quot;shape_divider_bottom&quot;:&quot;curve-asymmetrical&quot;,&quot;shape_divider_bottom_negative&quot;:&quot;yes&quot;}\">\n\t\t\t\t\t<div class=\"e-con-inner\">\n\t\t\t\t<div class=\"elementor-shape elementor-shape-bottom\" aria-hidden=\"true\" data-negative=\"true\">\n\t\t\t<svg xmlns=\"http:\/\/www.w3.org\/2000\/svg\" viewbox=\"0 0 1000 100\" preserveaspectratio=\"none\">\n\t<path class=\"elementor-shape-fill\" d=\"M615.2,96.7C240.2,97.8,0,18.9,0,0v100h1000V0C1000,19.2,989.8,96,615.2,96.7z\"\/>\n<\/svg>\t\t<\/div>\n\t\t<div class=\"elementor-element elementor-element-398dfe2 e-con-full padding-body-small e-flex wpr-particle-no wpr-jarallax-no wpr-parallax-no wpr-sticky-section-no e-con e-child\" data-id=\"398dfe2\" data-element_type=\"container\">\n\t\t<div class=\"elementor-element elementor-element-48940d2 e-con-full e-flex wpr-particle-no wpr-jarallax-no wpr-parallax-no wpr-sticky-section-no e-con e-child\" data-id=\"48940d2\" data-element_type=\"container\">\n\t\t\t\t<div class=\"elementor-element elementor-element-17a104a elementor-widget elementor-widget-heading\" data-id=\"17a104a\" data-element_type=\"widget\" data-widget_type=\"heading.default\">\n\t\t\t\t<div class=\"elementor-widget-container\">\n\t\t\t\t\t<h2 class=\"elementor-heading-title elementor-size-default\">Our projects<br>in images<\/h2>\t\t\t\t<\/div>\n\t\t\t\t<\/div>\n\t\t\t\t<div class=\"elementor-element elementor-element-72ddfa2b elementor-widget__width-initial elementor-widget elementor-widget-text-editor\" data-id=\"72ddfa2b\" data-element_type=\"widget\" data-widget_type=\"text-editor.default\">\n\t\t\t\t<div class=\"elementor-widget-container\">\n\t\t\t\t\t\t\t\t\t<p class=\"p1\">A concrete overview of our expertise in the field.<\/p>\t\t\t\t\t\t\t\t<\/div>\n\t\t\t\t<\/div>\n\t\t\t\t<\/div>\n\t\t\t\t<\/div>\n\t\t\t\t\t<\/div>\n\t\t\t\t<\/div>\n\t\t<div class=\"elementor-element elementor-element-3ad38ff e-flex e-con-boxed wpr-particle-no wpr-jarallax-no wpr-parallax-no wpr-sticky-section-no e-con e-parent\" data-id=\"3ad38ff\" data-element_type=\"container\" data-settings=\"{&quot;background_background&quot;:&quot;classic&quot;,&quot;shape_divider_top&quot;:&quot;curve-asymmetrical&quot;}\">\n\t\t\t\t\t<div class=\"e-con-inner\">\n\t\t\t\t<div class=\"elementor-shape elementor-shape-top\" aria-hidden=\"true\" data-negative=\"false\">\n\t\t\t<svg xmlns=\"http:\/\/www.w3.org\/2000\/svg\" viewbox=\"0 0 1000 100\" preserveaspectratio=\"none\">\n\t<path class=\"elementor-shape-fill\" d=\"M0,0c0,0,0,6,0,6.7c0,18,240.2,93.6,615.2,92.6C989.8,98.5,1000,25,1000,6.7c0-0.7,0-6.7,0-6.7H0z\"\/>\n<\/svg>\t\t<\/div>\n\t\t<div class=\"elementor-element elementor-element-171f275 e-con-full padding-body-small e-flex wpr-particle-no wpr-jarallax-no wpr-parallax-no wpr-sticky-section-no e-con e-child\" data-id=\"171f275\" data-element_type=\"container\">\n\t\t<div class=\"elementor-element elementor-element-b2084d8 e-grid e-con-full wpr-particle-no wpr-jarallax-no wpr-parallax-no wpr-sticky-section-no e-con e-child\" data-id=\"b2084d8\" data-element_type=\"container\">\n\t\t\t\t<div class=\"elementor-element elementor-element-a6c64b8 elementor-widget elementor-widget-image\" data-id=\"a6c64b8\" data-element_type=\"widget\" data-widget_type=\"image.default\">\n\t\t\t\t<div class=\"elementor-widget-container\">\n\t\t\t\t\t\t\t\t\t\t\t\t\t\t\t\t<a href=\"\/en\/nettoyage-de-conduits-de-ventilation\/\">\n\t\t\t\t\t\t\t<img fetchpriority=\"high\" decoding=\"async\" width=\"768\" height=\"1024\" src=\"https:\/\/sdconline.com\/wp-content\/uploads\/2025\/05\/9-Nettoyage_cvca-768x1024.jpg\" class=\"attachment-large size-large wp-image-3497\" alt=\"nettoyage conduit\" srcset=\"https:\/\/sdconline.com\/wp-content\/uploads\/2025\/05\/9-Nettoyage_cvca-768x1024.jpg 768w, https:\/\/sdconline.com\/wp-content\/uploads\/2025\/05\/9-Nettoyage_cvca-225x300.jpg 225w, https:\/\/sdconline.com\/wp-content\/uploads\/2025\/05\/9-Nettoyage_cvca-1152x1536.jpg 1152w, https:\/\/sdconline.com\/wp-content\/uploads\/2025\/05\/9-Nettoyage_cvca-1536x2048.jpg 1536w, https:\/\/sdconline.com\/wp-content\/uploads\/2025\/05\/9-Nettoyage_cvca-scaled.jpg 1920w\" sizes=\"(max-width: 768px) 100vw, 768px\" \/>\t\t\t\t\t\t\t\t<\/a>\n\t\t\t\t\t\t\t\t\t\t\t\t\t\t\t<\/div>\n\t\t\t\t<\/div>\n\t\t\t\t<div class=\"elementor-element elementor-element-4939e4f elementor-widget elementor-widget-image\" data-id=\"4939e4f\" data-element_type=\"widget\" data-widget_type=\"image.default\">\n\t\t\t\t<div class=\"elementor-widget-container\">\n\t\t\t\t\t\t\t\t\t\t\t\t\t\t\t\t<a href=\"\/en\/nettoyage-a-haute-pression-deau\/\">\n\t\t\t\t\t\t\t<img decoding=\"async\" width=\"768\" height=\"630\" src=\"https:\/\/sdconline.com\/wp-content\/uploads\/2025\/05\/3-Lavage_pression.jpg\" class=\"attachment-large size-large wp-image-3506\" alt=\"\" srcset=\"https:\/\/sdconline.com\/wp-content\/uploads\/2025\/05\/3-Lavage_pression.jpg 768w, https:\/\/sdconline.com\/wp-content\/uploads\/2025\/05\/3-Lavage_pression-300x246.jpg 300w\" sizes=\"(max-width: 768px) 100vw, 768px\" \/>\t\t\t\t\t\t\t\t<\/a>\n\t\t\t\t\t\t\t\t\t\t\t\t\t\t\t<\/div>\n\t\t\t\t<\/div>\n\t\t\t\t<div class=\"elementor-element elementor-element-2bc2f33 elementor-widget elementor-widget-image\" data-id=\"2bc2f33\" data-element_type=\"widget\" data-widget_type=\"image.default\">\n\t\t\t\t<div class=\"elementor-widget-container\">\n\t\t\t\t\t\t\t\t\t\t\t\t\t\t\t\t<a href=\"\/en\/decontamination-fongique\/\">\n\t\t\t\t\t\t\t<img decoding=\"async\" width=\"960\" height=\"640\" src=\"https:\/\/sdconline.com\/wp-content\/uploads\/2025\/05\/pexels-roger-brown-3435524-5499416-1024x683.jpg\" class=\"attachment-large size-large wp-image-3516\" alt=\"\" srcset=\"https:\/\/sdconline.com\/wp-content\/uploads\/2025\/05\/pexels-roger-brown-3435524-5499416-1024x683.jpg 1024w, https:\/\/sdconline.com\/wp-content\/uploads\/2025\/05\/pexels-roger-brown-3435524-5499416-300x200.jpg 300w, https:\/\/sdconline.com\/wp-content\/uploads\/2025\/05\/pexels-roger-brown-3435524-5499416-768x512.jpg 768w, https:\/\/sdconline.com\/wp-content\/uploads\/2025\/05\/pexels-roger-brown-3435524-5499416-1536x1024.jpg 1536w, https:\/\/sdconline.com\/wp-content\/uploads\/2025\/05\/pexels-roger-brown-3435524-5499416-2048x1365.jpg 2048w\" sizes=\"(max-width: 960px) 100vw, 960px\" \/>\t\t\t\t\t\t\t\t<\/a>\n\t\t\t\t\t\t\t\t\t\t\t\t\t\t\t<\/div>\n\t\t\t\t<\/div>\n\t\t\t\t<div class=\"elementor-element elementor-element-33b9c61 elementor-widget elementor-widget-image\" data-id=\"33b9c61\" data-element_type=\"widget\" data-widget_type=\"image.default\">\n\t\t\t\t<div class=\"elementor-widget-container\">\n\t\t\t\t\t\t\t\t\t\t\t\t\t\t\t\t<a href=\"\/en\/decontamination-damiante\/\">\n\t\t\t\t\t\t\t<img loading=\"lazy\" decoding=\"async\" width=\"769\" height=\"1024\" src=\"https:\/\/sdconline.com\/wp-content\/uploads\/2025\/05\/2-Amiante.jpg\" class=\"attachment-large size-large wp-image-3499\" alt=\"\" srcset=\"https:\/\/sdconline.com\/wp-content\/uploads\/2025\/05\/2-Amiante.jpg 769w, https:\/\/sdconline.com\/wp-content\/uploads\/2025\/05\/2-Amiante-225x300.jpg 225w\" sizes=\"(max-width: 769px) 100vw, 769px\" \/>\t\t\t\t\t\t\t\t<\/a>\n\t\t\t\t\t\t\t\t\t\t\t\t\t\t\t<\/div>\n\t\t\t\t<\/div>\n\t\t\t\t<div class=\"elementor-element elementor-element-9290e3e elementor-widget elementor-widget-image\" data-id=\"9290e3e\" data-element_type=\"widget\" data-widget_type=\"image.default\">\n\t\t\t\t<div class=\"elementor-widget-container\">\n\t\t\t\t\t\t\t\t\t\t\t\t\t\t\t\t<a href=\"\/en\/nettoyage-a-la-glace-seche\/\">\n\t\t\t\t\t\t\t<img loading=\"lazy\" decoding=\"async\" width=\"960\" height=\"640\" src=\"https:\/\/sdconline.com\/wp-content\/uploads\/2025\/05\/1-Glace_seche-1024x683.jpg\" class=\"attachment-large size-large wp-image-3500\" alt=\"\" srcset=\"https:\/\/sdconline.com\/wp-content\/uploads\/2025\/05\/1-Glace_seche-1024x683.jpg 1024w, https:\/\/sdconline.com\/wp-content\/uploads\/2025\/05\/1-Glace_seche-300x200.jpg 300w, https:\/\/sdconline.com\/wp-content\/uploads\/2025\/05\/1-Glace_seche-768x513.jpg 768w, https:\/\/sdconline.com\/wp-content\/uploads\/2025\/05\/1-Glace_seche-1536x1025.jpg 1536w, https:\/\/sdconline.com\/wp-content\/uploads\/2025\/05\/1-Glace_seche-2048x1367.jpg 2048w\" sizes=\"(max-width: 960px) 100vw, 960px\" \/>\t\t\t\t\t\t\t\t<\/a>\n\t\t\t\t\t\t\t\t\t\t\t\t\t\t\t<\/div>\n\t\t\t\t<\/div>\n\t\t\t\t<div class=\"elementor-element elementor-element-cccfba7 elementor-widget elementor-widget-image\" data-id=\"cccfba7\" data-element_type=\"widget\" data-widget_type=\"image.default\">\n\t\t\t\t<div class=\"elementor-widget-container\">\n\t\t\t\t\t\t\t\t\t\t\t\t\t\t\t\t<a href=\"\/en\/depoussierage-en-hauteur\/\">\n\t\t\t\t\t\t\t<img loading=\"lazy\" decoding=\"async\" width=\"960\" height=\"720\" src=\"https:\/\/sdconline.com\/wp-content\/uploads\/2025\/05\/7-Depoussirage.jpg\" class=\"attachment-large size-large wp-image-3502\" alt=\"\" srcset=\"https:\/\/sdconline.com\/wp-content\/uploads\/2025\/05\/7-Depoussirage.jpg 1024w, https:\/\/sdconline.com\/wp-content\/uploads\/2025\/05\/7-Depoussirage-300x225.jpg 300w, https:\/\/sdconline.com\/wp-content\/uploads\/2025\/05\/7-Depoussirage-768x576.jpg 768w\" sizes=\"(max-width: 960px) 100vw, 960px\" \/>\t\t\t\t\t\t\t\t<\/a>\n\t\t\t\t\t\t\t\t\t\t\t\t\t\t\t<\/div>\n\t\t\t\t<\/div>\n\t\t\t\t<div class=\"elementor-element elementor-element-ed74bc4 elementor-fixed elementor-hidden-mobile elementor-widget elementor-widget-button\" data-id=\"ed74bc4\" data-element_type=\"widget\" data-settings=\"{&quot;_position&quot;:&quot;fixed&quot;}\" data-widget_type=\"button.default\">\n\t\t\t\t<div class=\"elementor-widget-container\">\n\t\t\t\t\t\t\t\t\t<div class=\"elementor-button-wrapper\">\n\t\t\t\t\t<a class=\"elementor-button elementor-button-link elementor-size-sm\" href=\"\/en\/contact\/\">\n\t\t\t\t\t\t<span class=\"elementor-button-content-wrapper\">\n\t\t\t\t\t\t\t\t\t<span class=\"elementor-button-text\">Ask for<br> a quote<\/span>\n\t\t\t\t\t<\/span>\n\t\t\t\t\t<\/a>\n\t\t\t\t<\/div>\n\t\t\t\t\t\t\t\t<\/div>\n\t\t\t\t<\/div>\n\t\t\t\t<div class=\"elementor-element elementor-element-14d9b31 elementor-widget elementor-widget-image\" data-id=\"14d9b31\" data-element_type=\"widget\" data-widget_type=\"image.default\">\n\t\t\t\t<div class=\"elementor-widget-container\">\n\t\t\t\t\t\t\t\t\t\t\t\t\t\t\t\t<a href=\"\/en\/nettoyage-apres-sinistre\/\">\n\t\t\t\t\t\t\t<img loading=\"lazy\" decoding=\"async\" width=\"960\" height=\"720\" src=\"https:\/\/sdconline.com\/wp-content\/uploads\/2025\/05\/1-Sinistre-1024x768.jpg\" class=\"attachment-large size-large wp-image-3503\" alt=\"D\u00e9contamination fongique\" srcset=\"https:\/\/sdconline.com\/wp-content\/uploads\/2025\/05\/1-Sinistre-1024x768.jpg 1024w, https:\/\/sdconline.com\/wp-content\/uploads\/2025\/05\/1-Sinistre-300x225.jpg 300w, https:\/\/sdconline.com\/wp-content\/uploads\/2025\/05\/1-Sinistre-768x576.jpg 768w, https:\/\/sdconline.com\/wp-content\/uploads\/2025\/05\/1-Sinistre-1536x1152.jpg 1536w, https:\/\/sdconline.com\/wp-content\/uploads\/2025\/05\/1-Sinistre-2048x1536.jpg 2048w\" sizes=\"(max-width: 960px) 100vw, 960px\" \/>\t\t\t\t\t\t\t\t<\/a>\n\t\t\t\t\t\t\t\t\t\t\t\t\t\t\t<\/div>\n\t\t\t\t<\/div>\n\t\t\t\t<div class=\"elementor-element elementor-element-5aec959 elementor-widget elementor-widget-image\" data-id=\"5aec959\" data-element_type=\"widget\" data-widget_type=\"image.default\">\n\t\t\t\t<div class=\"elementor-widget-container\">\n\t\t\t\t\t\t\t\t\t\t\t\t\t\t\t\t<a href=\"\/en\/service-de-desinfection\/\">\n\t\t\t\t\t\t\t<img loading=\"lazy\" decoding=\"async\" width=\"960\" height=\"640\" src=\"https:\/\/sdconline.com\/wp-content\/uploads\/2025\/05\/4-Desinfection-1024x683.jpg\" class=\"attachment-large size-large wp-image-3504\" alt=\"\" srcset=\"https:\/\/sdconline.com\/wp-content\/uploads\/2025\/05\/4-Desinfection-1024x683.jpg 1024w, https:\/\/sdconline.com\/wp-content\/uploads\/2025\/05\/4-Desinfection-300x200.jpg 300w, https:\/\/sdconline.com\/wp-content\/uploads\/2025\/05\/4-Desinfection-768x512.jpg 768w, https:\/\/sdconline.com\/wp-content\/uploads\/2025\/05\/4-Desinfection-1536x1024.jpg 1536w, https:\/\/sdconline.com\/wp-content\/uploads\/2025\/05\/4-Desinfection-2048x1365.jpg 2048w\" sizes=\"(max-width: 960px) 100vw, 960px\" \/>\t\t\t\t\t\t\t\t<\/a>\n\t\t\t\t\t\t\t\t\t\t\t\t\t\t\t<\/div>\n\t\t\t\t<\/div>\n\t\t\t\t<div class=\"elementor-element elementor-element-b77f820 elementor-widget elementor-widget-image\" data-id=\"b77f820\" data-element_type=\"widget\" data-widget_type=\"image.default\">\n\t\t\t\t<div class=\"elementor-widget-container\">\n\t\t\t\t\t\t\t\t\t\t\t\t\t\t\t\t<a href=\"\/en\/enlevement-de-graffiti-et-tags\/\">\n\t\t\t\t\t\t\t<img loading=\"lazy\" decoding=\"async\" width=\"960\" height=\"640\" src=\"https:\/\/sdconline.com\/wp-content\/uploads\/2025\/05\/pexels-joaosaplak-19482473-1024x683.jpg\" class=\"attachment-large size-large wp-image-3505\" alt=\"\" srcset=\"https:\/\/sdconline.com\/wp-content\/uploads\/2025\/05\/pexels-joaosaplak-19482473-1024x683.jpg 1024w, https:\/\/sdconline.com\/wp-content\/uploads\/2025\/05\/pexels-joaosaplak-19482473-300x200.jpg 300w, https:\/\/sdconline.com\/wp-content\/uploads\/2025\/05\/pexels-joaosaplak-19482473-768x512.jpg 768w, https:\/\/sdconline.com\/wp-content\/uploads\/2025\/05\/pexels-joaosaplak-19482473-1536x1024.jpg 1536w, https:\/\/sdconline.com\/wp-content\/uploads\/2025\/05\/pexels-joaosaplak-19482473-2048x1365.jpg 2048w\" sizes=\"(max-width: 960px) 100vw, 960px\" \/>\t\t\t\t\t\t\t\t<\/a>\n\t\t\t\t\t\t\t\t\t\t\t\t\t\t\t<\/div>\n\t\t\t\t<\/div>\n\t\t\t\t<div class=\"elementor-element elementor-element-76b5552 elementor-widget elementor-widget-image\" data-id=\"76b5552\" data-element_type=\"widget\" data-widget_type=\"image.default\">\n\t\t\t\t<div class=\"elementor-widget-container\">\n\t\t\t\t\t\t\t\t\t\t\t\t\t\t\t\t<a href=\"\/en\/nettoyage-a-la-vapeur-seche\/\">\n\t\t\t\t\t\t\t<img loading=\"lazy\" decoding=\"async\" width=\"769\" height=\"1024\" src=\"https:\/\/sdconline.com\/wp-content\/uploads\/2025\/05\/1-Vapeur_seche.jpg\" class=\"attachment-large size-large wp-image-3507\" alt=\"\" srcset=\"https:\/\/sdconline.com\/wp-content\/uploads\/2025\/05\/1-Vapeur_seche.jpg 769w, https:\/\/sdconline.com\/wp-content\/uploads\/2025\/05\/1-Vapeur_seche-225x300.jpg 225w\" sizes=\"(max-width: 769px) 100vw, 769px\" \/>\t\t\t\t\t\t\t\t<\/a>\n\t\t\t\t\t\t\t\t\t\t\t\t\t\t\t<\/div>\n\t\t\t\t<\/div>\n\t\t\t\t<\/div>\n\t\t\t\t<div class=\"elementor-element elementor-element-da734cb elementor-fixed elementor-hidden-desktop elementor-hidden-tablet elementor-widget elementor-widget-button\" data-id=\"da734cb\" data-element_type=\"widget\" data-settings=\"{&quot;_position&quot;:&quot;fixed&quot;}\" data-widget_type=\"button.default\">\n\t\t\t\t<div class=\"elementor-widget-container\">\n\t\t\t\t\t\t\t\t\t<div class=\"elementor-button-wrapper\">\n\t\t\t\t\t<a class=\"elementor-button elementor-button-link elementor-size-sm\" href=\"\/en\/contact\/\">\n\t\t\t\t\t\t<span class=\"elementor-button-content-wrapper\">\n\t\t\t\t\t\t<span class=\"elementor-button-icon\">\n\t\t\t\t<svg aria-hidden=\"true\" class=\"e-font-icon-svg e-fas-dollar-sign\" viewbox=\"0 0 288 512\" xmlns=\"http:\/\/www.w3.org\/2000\/svg\"><path d=\"M209.2 233.4l-108-31.6C88.7 198.2 80 186.5 80 173.5c0-16.3 13.2-29.5 29.5-29.5h66.3c12.2 0 24.2 3.7 34.2 10.5 6.1 4.1 14.3 3.1 19.5-2l34.8-34c7.1-6.9 6.1-18.4-1.8-24.5C238 74.8 207.4 64.1 176 64V16c0-8.8-7.2-16-16-16h-32c-8.8 0-16 7.2-16 16v48h-2.5C45.8 64-5.4 118.7.5 183.6c4.2 46.1 39.4 83.6 83.8 96.6l102.5 30c12.5 3.7 21.2 15.3 21.2 28.3 0 16.3-13.2 29.5-29.5 29.5h-66.3C100 368 88 364.3 78 357.5c-6.1-4.1-14.3-3.1-19.5 2l-34.8 34c-7.1 6.9-6.1 18.4 1.8 24.5 24.5 19.2 55.1 29.9 86.5 30v48c0 8.8 7.2 16 16 16h32c8.8 0 16-7.2 16-16v-48.2c46.6-.9 90.3-28.6 105.7-72.7 21.5-61.6-14.6-124.8-72.5-141.7z\"><\/path><\/svg>\t\t\t<\/span>\n\t\t\t\t\t\t\t\t<\/span>\n\t\t\t\t\t<\/a>\n\t\t\t\t<\/div>\n\t\t\t\t\t\t\t\t<\/div>\n\t\t\t\t<\/div>\n\t\t\t\t<\/div>\n\t\t\t\t\t<\/div>\n\t\t\t\t<\/div>\n\t\t\t\t<\/div>","protected":false},"excerpt":{"rendered":"<p>Nos r\u00e9alisationsen images Un aper\u00e7u concret de notre savoir-faire sur le terrain. Demande de soumission<\/p>","protected":false},"author":1,"featured_media":0,"parent":0,"menu_order":0,"comment_status":"closed","ping_status":"closed","template":"elementor_canvas","meta":{"footnotes":""},"class_list":["post-3202","page","type-page","status-publish","hentry"],"yoast_head":"<!-- This site is optimized with the Yoast SEO plugin v26.9 - https:\/\/yoast.com\/product\/yoast-seo-wordpress\/ -->\n<title>R\u00e9alisations - SDC Travaux sp\u00e9cialis\u00e9s<\/title>\n<meta name=\"robots\" content=\"index, follow, max-snippet:-1, max-image-preview:large, max-video-preview:-1\" \/>\n<link rel=\"canonical\" href=\"https:\/\/sdconline.com\/en\/realisations\/\" \/>\n<meta property=\"og:locale\" content=\"en_US\" \/>\n<meta property=\"og:type\" content=\"article\" \/>\n<meta property=\"og:title\" content=\"R\u00e9alisations - SDC Travaux sp\u00e9cialis\u00e9s\" \/>\n<meta property=\"og:description\" content=\"Nos r\u00e9alisationsen images Un aper\u00e7u concret de notre savoir-faire sur le terrain. Demande de soumission\" \/>\n<meta property=\"og:url\" content=\"https:\/\/sdconline.com\/en\/realisations\/\" \/>\n<meta property=\"og:site_name\" content=\"SDC Travaux sp\u00e9cialis\u00e9s\" \/>\n<meta property=\"article:modified_time\" content=\"2025-06-16T17:42:07+00:00\" \/>\n<meta property=\"og:image\" content=\"https:\/\/sdconline.com\/wp-content\/uploads\/2025\/05\/9-Nettoyage_cvca-scaled.jpg\" \/>\n\t<meta property=\"og:image:width\" content=\"1920\" \/>\n\t<meta property=\"og:image:height\" content=\"2560\" \/>\n\t<meta property=\"og:image:type\" content=\"image\/jpeg\" \/>\n<meta name=\"twitter:card\" content=\"summary_large_image\" \/>\n<meta name=\"twitter:label1\" content=\"Est. reading time\" \/>\n\t<meta name=\"twitter:data1\" content=\"3 minutes\" \/>\n<script type=\"application\/ld+json\" class=\"yoast-schema-graph\">{\"@context\":\"https:\/\/schema.org\",\"@graph\":[{\"@type\":\"WebPage\",\"@id\":\"https:\/\/sdconline.com\/realisations\/\",\"url\":\"https:\/\/sdconline.com\/realisations\/\",\"name\":\"R\u00e9alisations - SDC Travaux sp\u00e9cialis\u00e9s\",\"isPartOf\":{\"@id\":\"https:\/\/sdconline.com\/#website\"},\"primaryImageOfPage\":{\"@id\":\"https:\/\/sdconline.com\/realisations\/#primaryimage\"},\"image\":{\"@id\":\"https:\/\/sdconline.com\/realisations\/#primaryimage\"},\"thumbnailUrl\":\"https:\/\/sdconline.com\/wp-content\/uploads\/2025\/05\/9-Nettoyage_cvca-768x1024.jpg\",\"datePublished\":\"2025-05-12T16:36:01+00:00\",\"dateModified\":\"2025-06-16T17:42:07+00:00\",\"breadcrumb\":{\"@id\":\"https:\/\/sdconline.com\/realisations\/#breadcrumb\"},\"inLanguage\":\"en-CA\",\"potentialAction\":[{\"@type\":\"ReadAction\",\"target\":[\"https:\/\/sdconline.com\/realisations\/\"]}]},{\"@type\":\"ImageObject\",\"inLanguage\":\"en-CA\",\"@id\":\"https:\/\/sdconline.com\/realisations\/#primaryimage\",\"url\":\"https:\/\/sdconline.com\/wp-content\/uploads\/2025\/05\/9-Nettoyage_cvca-768x1024.jpg\",\"contentUrl\":\"https:\/\/sdconline.com\/wp-content\/uploads\/2025\/05\/9-Nettoyage_cvca-768x1024.jpg\"},{\"@type\":\"BreadcrumbList\",\"@id\":\"https:\/\/sdconline.com\/realisations\/#breadcrumb\",\"itemListElement\":[{\"@type\":\"ListItem\",\"position\":1,\"name\":\"Accueil\",\"item\":\"https:\/\/sdconline.com\/\"},{\"@type\":\"ListItem\",\"position\":2,\"name\":\"R\u00e9alisations\"}]},{\"@type\":\"WebSite\",\"@id\":\"https:\/\/sdconline.com\/#website\",\"url\":\"https:\/\/sdconline.com\/\",\"name\":\"SDC Travaux sp\u00e9cialis\u00e9s\",\"description\":\"\",\"publisher\":{\"@id\":\"https:\/\/sdconline.com\/#organization\"},\"potentialAction\":[{\"@type\":\"SearchAction\",\"target\":{\"@type\":\"EntryPoint\",\"urlTemplate\":\"https:\/\/sdconline.com\/?s={search_term_string}\"},\"query-input\":{\"@type\":\"PropertyValueSpecification\",\"valueRequired\":true,\"valueName\":\"search_term_string\"}}],\"inLanguage\":\"en-CA\"},{\"@type\":\"Organization\",\"@id\":\"https:\/\/sdconline.com\/#organization\",\"name\":\"SDC Travaux sp\u00e9cialis\u00e9s\",\"url\":\"https:\/\/sdconline.com\/\",\"logo\":{\"@type\":\"ImageObject\",\"inLanguage\":\"en-CA\",\"@id\":\"https:\/\/sdconline.com\/#\/schema\/logo\/image\/\",\"url\":\"https:\/\/sdconline.com\/wp-content\/uploads\/2025\/05\/305396420_480054937463990_5230717813518802062_n.jpg\",\"contentUrl\":\"https:\/\/sdconline.com\/wp-content\/uploads\/2025\/05\/305396420_480054937463990_5230717813518802062_n.jpg\",\"width\":458,\"height\":231,\"caption\":\"SDC Travaux sp\u00e9cialis\u00e9s\"},\"image\":{\"@id\":\"https:\/\/sdconline.com\/#\/schema\/logo\/image\/\"}}]}<\/script>\n<!-- \/ Yoast SEO plugin. -->","yoast_head_json":{"title":"R\u00e9alisations - SDC Travaux sp\u00e9cialis\u00e9s","robots":{"index":"index","follow":"follow","max-snippet":"max-snippet:-1","max-image-preview":"max-image-preview:large","max-video-preview":"max-video-preview:-1"},"canonical":"https:\/\/sdconline.com\/en\/realisations\/","og_locale":"en_US","og_type":"article","og_title":"R\u00e9alisations - SDC Travaux sp\u00e9cialis\u00e9s","og_description":"Nos r\u00e9alisationsen images Un aper\u00e7u concret de notre savoir-faire sur le terrain. Demande de soumission","og_url":"https:\/\/sdconline.com\/en\/realisations\/","og_site_name":"SDC Travaux sp\u00e9cialis\u00e9s","article_modified_time":"2025-06-16T17:42:07+00:00","og_image":[{"width":1920,"height":2560,"url":"https:\/\/sdconline.com\/wp-content\/uploads\/2025\/05\/9-Nettoyage_cvca-scaled.jpg","type":"image\/jpeg"}],"twitter_card":"summary_large_image","twitter_misc":{"Est. reading time":"3 minutes"},"schema":{"@context":"https:\/\/schema.org","@graph":[{"@type":"WebPage","@id":"https:\/\/sdconline.com\/realisations\/","url":"https:\/\/sdconline.com\/realisations\/","name":"R\u00e9alisations - SDC Travaux sp\u00e9cialis\u00e9s","isPartOf":{"@id":"https:\/\/sdconline.com\/#website"},"primaryImageOfPage":{"@id":"https:\/\/sdconline.com\/realisations\/#primaryimage"},"image":{"@id":"https:\/\/sdconline.com\/realisations\/#primaryimage"},"thumbnailUrl":"https:\/\/sdconline.com\/wp-content\/uploads\/2025\/05\/9-Nettoyage_cvca-768x1024.jpg","datePublished":"2025-05-12T16:36:01+00:00","dateModified":"2025-06-16T17:42:07+00:00","breadcrumb":{"@id":"https:\/\/sdconline.com\/realisations\/#breadcrumb"},"inLanguage":"en-CA","potentialAction":[{"@type":"ReadAction","target":["https:\/\/sdconline.com\/realisations\/"]}]},{"@type":"ImageObject","inLanguage":"en-CA","@id":"https:\/\/sdconline.com\/realisations\/#primaryimage","url":"https:\/\/sdconline.com\/wp-content\/uploads\/2025\/05\/9-Nettoyage_cvca-768x1024.jpg","contentUrl":"https:\/\/sdconline.com\/wp-content\/uploads\/2025\/05\/9-Nettoyage_cvca-768x1024.jpg"},{"@type":"BreadcrumbList","@id":"https:\/\/sdconline.com\/realisations\/#breadcrumb","itemListElement":[{"@type":"ListItem","position":1,"name":"Accueil","item":"https:\/\/sdconline.com\/"},{"@type":"ListItem","position":2,"name":"R\u00e9alisations"}]},{"@type":"WebSite","@id":"https:\/\/sdconline.com\/#website","url":"https:\/\/sdconline.com\/","name":"SDC Travaux sp\u00e9cialis\u00e9s","description":"","publisher":{"@id":"https:\/\/sdconline.com\/#organization"},"potentialAction":[{"@type":"SearchAction","target":{"@type":"EntryPoint","urlTemplate":"https:\/\/sdconline.com\/?s={search_term_string}"},"query-input":{"@type":"PropertyValueSpecification","valueRequired":true,"valueName":"search_term_string"}}],"inLanguage":"en-CA"},{"@type":"Organization","@id":"https:\/\/sdconline.com\/#organization","name":"SDC Travaux sp\u00e9cialis\u00e9s","url":"https:\/\/sdconline.com\/","logo":{"@type":"ImageObject","inLanguage":"en-CA","@id":"https:\/\/sdconline.com\/#\/schema\/logo\/image\/","url":"https:\/\/sdconline.com\/wp-content\/uploads\/2025\/05\/305396420_480054937463990_5230717813518802062_n.jpg","contentUrl":"https:\/\/sdconline.com\/wp-content\/uploads\/2025\/05\/305396420_480054937463990_5230717813518802062_n.jpg","width":458,"height":231,"caption":"SDC Travaux sp\u00e9cialis\u00e9s"},"image":{"@id":"https:\/\/sdconline.com\/#\/schema\/logo\/image\/"}}]}},"acf":[],"_links":{"self":[{"href":"https:\/\/sdconline.com\/en\/wp-json\/wp\/v2\/pages\/3202","targetHints":{"allow":["GET"]}}],"collection":[{"href":"https:\/\/sdconline.com\/en\/wp-json\/wp\/v2\/pages"}],"about":[{"href":"https:\/\/sdconline.com\/en\/wp-json\/wp\/v2\/types\/page"}],"author":[{"embeddable":true,"href":"https:\/\/sdconline.com\/en\/wp-json\/wp\/v2\/users\/1"}],"replies":[{"embeddable":true,"href":"https:\/\/sdconline.com\/en\/wp-json\/wp\/v2\/comments?post=3202"}],"version-history":[{"count":62,"href":"https:\/\/sdconline.com\/en\/wp-json\/wp\/v2\/pages\/3202\/revisions"}],"predecessor-version":[{"id":4853,"href":"https:\/\/sdconline.com\/en\/wp-json\/wp\/v2\/pages\/3202\/revisions\/4853"}],"wp:attachment":[{"href":"https:\/\/sdconline.com\/en\/wp-json\/wp\/v2\/media?parent=3202"}],"curies":[{"name":"wp","href":"https:\/\/api.w.org\/{rel}","templated":true}]}}