{"id":5630,"date":"2026-03-31T18:12:20","date_gmt":"2026-03-31T22:12:20","guid":{"rendered":"https:\/\/sdconline.com\/?page_id=5630"},"modified":"2026-03-31T18:16:16","modified_gmt":"2026-03-31T22:16:16","slug":"sitemap","status":"publish","type":"page","link":"https:\/\/sdconline.com\/en\/sitemap\/","title":{"rendered":"Sitemap"},"content":{"rendered":"<div data-elementor-type=\"wp-page\" data-elementor-id=\"5630\" class=\"elementor elementor-5630\">\n\t\t\t\t<div class=\"elementor-element elementor-element-f2b4dd1 e-flex e-con-boxed wpr-particle-no wpr-jarallax-no wpr-parallax-no wpr-sticky-section-no e-con e-parent\" data-id=\"f2b4dd1\" data-element_type=\"container\">\n\t\t\t\t\t<div class=\"e-con-inner\">\n\t\t\t\t<div class=\"elementor-element elementor-element-5fa8cc9 elementor-widget elementor-widget-text-editor\" data-id=\"5fa8cc9\" data-element_type=\"widget\" data-widget_type=\"text-editor.default\">\n\t\t\t\t<div class=\"elementor-widget-container\">\n\t\t\t\t\t\t\t\t\t<p><div class=\"wsp-container\"><h2 class=\"wsp-pages-title\">Pages<\/h2>\n<ul class=\"wsp-pages-list\">\n<li class=\"page_item page-item-4640\"><a href=\"https:\/\/sdconline.com\/en\/blogue\/\">Blog<\/a><\/li>\n<li class=\"page_item page-item-2653\"><a href=\"https:\/\/sdconline.com\/en\/contact\/\">Contact<\/a><\/li>\n<li class=\"page_item page-item-2717\"><a href=\"https:\/\/sdconline.com\/en\/decontamination-damiante-commercial\/\">D\u00e9contamination d&rsquo;amiante commercial<\/a><\/li>\n<li class=\"page_item page-item-2867\"><a href=\"https:\/\/sdconline.com\/en\/decontamination-damiante-residentiel\/\">D\u00e9contamination d&rsquo;amiante r\u00e9sidentiel<\/a><\/li>\n<li class=\"page_item page-item-2695\"><a href=\"https:\/\/sdconline.com\/en\/decontamination-fongique-commercial\/\">Commercial fungal decontamination<\/a><\/li>\n<li class=\"page_item page-item-2855\"><a href=\"https:\/\/sdconline.com\/en\/decontamination-fongique-residentiel\/\">D\u00e9contamination fongique r\u00e9sidentiel<\/a><\/li>\n<li class=\"page_item page-item-2792\"><a href=\"https:\/\/sdconline.com\/en\/depoussierage-en-hauteur\/\">High dusting<\/a><\/li>\n<li class=\"page_item page-item-2782\"><a href=\"https:\/\/sdconline.com\/en\/enlevement-de-graffiti-et-tags\/\">Graffiti and tag removal<\/a><\/li>\n<li class=\"page_item page-item-2787\"><a href=\"https:\/\/sdconline.com\/en\/nettoyage-a-haute-pression-deau\/\">Nettoyage \u00e0 haute pression d&rsquo;eau<\/a><\/li>\n<li class=\"page_item page-item-2737\"><a href=\"https:\/\/sdconline.com\/en\/nettoyage-a-la-glace-seche\/\">Dry ice cleaning<\/a><\/li>\n<li class=\"page_item page-item-2806\"><a href=\"https:\/\/sdconline.com\/en\/nettoyage-a-la-vapeur-seche\/\">Dry steam cleaning<\/a><\/li>\n<li class=\"page_item page-item-1773\"><a href=\"https:\/\/sdconline.com\/en\/nettoyage-apres-sinistre\/\">Disaster cleanup<\/a><\/li>\n<li class=\"page_item page-item-2690\"><a href=\"https:\/\/sdconline.com\/en\/nettoyage-de-conduits-de-ventilation-commercial\/\">Nettoyage de conduits de ventilation commercial<\/a><\/li>\n<li class=\"page_item page-item-2845\"><a href=\"https:\/\/sdconline.com\/en\/nettoyage-de-conduits-de-ventilation-residentiel\/\">Nettoyage de conduits de ventilation r\u00e9sidentiel<\/a><\/li>\n<li class=\"page_item page-item-5742\"><a href=\"https:\/\/sdconline.com\/en\/nettoyage-specialise-anjou\/\">Nettoyage Sp\u00e9cialis\u00e9 Anjou<\/a><\/li>\n<li class=\"page_item page-item-5752\"><a href=\"https:\/\/sdconline.com\/en\/nettoyage-specialise-blainville\/\">Nettoyage Sp\u00e9cialis\u00e9 Blainville<\/a><\/li>\n<li class=\"page_item page-item-5741\"><a href=\"https:\/\/sdconline.com\/en\/nettoyage-specialise-boucherville\/\">Nettoyage Sp\u00e9cialis\u00e9 Boucherville<\/a><\/li>\n<li class=\"page_item page-item-5750\"><a href=\"https:\/\/sdconline.com\/en\/nettoyage-specialise-brossard\/\">Nettoyage Sp\u00e9cialis\u00e9 Brossard<\/a><\/li>\n<li class=\"page_item page-item-5745\"><a href=\"https:\/\/sdconline.com\/en\/nettoyage-specialise-dorval-lachine\/\">Nettoyage Sp\u00e9cialis\u00e9 Dorval \/ Lachine<\/a><\/li>\n<li class=\"page_item page-item-5738\"><a href=\"https:\/\/sdconline.com\/en\/nettoyage-specialise-laval\/\">Nettoyage Sp\u00e9cialis\u00e9 Laval<\/a><\/li>\n<li class=\"page_item page-item-5740\"><a href=\"https:\/\/sdconline.com\/en\/nettoyage-specialise-longueuil\/\">Nettoyage Sp\u00e9cialis\u00e9 Longueuil<\/a><\/li>\n<li class=\"page_item page-item-5744\"><a href=\"https:\/\/sdconline.com\/en\/nettoyage-specialise-montreal-nord\/\">Nettoyage Sp\u00e9cialis\u00e9 Montr\u00e9al-Nord<\/a><\/li>\n<li class=\"page_item page-item-5749\"><a href=\"https:\/\/sdconline.com\/en\/nettoyage-specialise-repentigny\/\">Nettoyage Sp\u00e9cialis\u00e9 Repentigny<\/a><\/li>\n<li class=\"page_item page-item-5746\"><a href=\"https:\/\/sdconline.com\/en\/nettoyage-specialise-riviere-des-prairies-pointe-aux-trembles\/\">Nettoyage Sp\u00e9cialis\u00e9 Rivi\u00e8re-des-Prairies\u2013Pointe-aux-Trembles<\/a><\/li>\n<li class=\"page_item page-item-5747\"><a href=\"https:\/\/sdconline.com\/en\/nettoyage-specialise-saint-hubert\/\">Nettoyage Sp\u00e9cialis\u00e9 Saint-Hubert<\/a><\/li>\n<li class=\"page_item page-item-5739\"><a href=\"https:\/\/sdconline.com\/en\/nettoyage-specialise-saint-laurent\/\">Nettoyage Sp\u00e9cialis\u00e9 Saint-Laurent<\/a><\/li>\n<li class=\"page_item page-item-5743\"><a href=\"https:\/\/sdconline.com\/en\/nettoyage-specialise-saint-leonard\/\">Nettoyage Sp\u00e9cialis\u00e9 Saint-L\u00e9onard<\/a><\/li>\n<li class=\"page_item page-item-5748\"><a href=\"https:\/\/sdconline.com\/en\/nettoyage-specialise-terrebonne\/\">Nettoyage Sp\u00e9cialis\u00e9 Terrebonne<\/a><\/li>\n<li class=\"page_item page-item-5751\"><a href=\"https:\/\/sdconline.com\/en\/nettoyage-specialise-ville-mont-royal\/\">Nettoyage Sp\u00e9cialis\u00e9 Ville Mont-Royal<\/a><\/li>\n<li class=\"page_item page-item-3171\"><a href=\"https:\/\/sdconline.com\/en\/prepose-au-nettoyage-industriel\/\">Industrial cleaning attendant<\/a><\/li>\n<li class=\"page_item page-item-3202\"><a href=\"https:\/\/sdconline.com\/en\/realisations\/\">Projects<\/a><\/li>\n<li class=\"page_item page-item-7\"><a href=\"https:\/\/sdconline.com\/en\/\">SDC Travaux sp\u00e9cialis\u00e9s<\/a><\/li>\n<li class=\"page_item page-item-2777\"><a href=\"https:\/\/sdconline.com\/en\/service-de-desinfection\/\">Disinfection service<\/a><\/li>\n<li class=\"page_item page-item-5630\"><a href=\"https:\/\/sdconline.com\/en\/sitemap\/\">Sitemap<\/a><\/li>\n<li class=\"page_item page-item-2937\"><a href=\"https:\/\/sdconline.com\/en\/technicien-en-assainissement-de-conduits-de-ventilation\/\">Ventilation duct sanitation technician<\/a><\/li>\n<\/ul>\n<h2 class=\"wsp-posts-title\">Posts by category<\/h2>\n<ul class=\"wsp-posts-list\">\n\t<li><strong class=\"wsp-category-title\">Category: <a href=\"https:\/\/sdconline.com\/en\/category\/uncategorized\/\">Uncategorized<\/a><\/strong>\n<ul class=\"wsp-posts-list\">\t\t<li class=\"wsp-post\"><a href=\"https:\/\/sdconline.com\/en\/combien-coute-nettoyage-apres-sinistre\/\">How Much Does Disaster Cleanup Cost?<\/a><\/li>\n\t\t<li class=\"wsp-post\"><a href=\"https:\/\/sdconline.com\/en\/prix-decontamination-moisissure\/\">Commercial and Industrial Mold Remediation Cost (2026)<\/a><\/li>\n\t\t<li class=\"wsp-post\"><a href=\"https:\/\/sdconline.com\/en\/prix-nettoyage-conduit-ventilation\/\">How Much Does Air Duct Cleaning Cost in 2026?<\/a><\/li>\n\t\t<li class=\"wsp-post\"><a href=\"https:\/\/sdconline.com\/en\/decontamination-fongique-que-faire\/\">Fungal decontamination : what to do when facing mold contamination<\/a><\/li>\n\t\t<li class=\"wsp-post\"><a href=\"https:\/\/sdconline.com\/en\/lavage-a-pression\/\">Pressure washing : an effective solution for spotless spaces<\/a><\/li>\n\t\t<li class=\"wsp-post\"><a href=\"https:\/\/sdconline.com\/en\/nettoyage-conduits-air\/\">Air duct cleaning : When and why is it essential?<\/a><\/li>\n\t\t<li class=\"wsp-post\"><a href=\"https:\/\/sdconline.com\/en\/decontamination-d-amiante\/\">Asbestos decontamination : Why and how to do it?<\/a><\/li>\n\t\t<li class=\"wsp-post\"><a href=\"https:\/\/sdconline.com\/en\/intervention-apres-sinistre\/\">Post-disaster intervention : What to do? Quick guide<\/a><\/li>\n\t\t<li class=\"wsp-post\"><a href=\"https:\/\/sdconline.com\/en\/glace-seche-nettoyage\/\">Dry ice : the cleaning technology that transforms industrial maintenance<\/a><\/li>\n<\/ul><\/li>\n<\/ul>\n<\/div><\/p>\t\t\t\t\t\t\t\t<\/div>\n\t\t\t\t<\/div>\n\t\t\t\t\t<\/div>\n\t\t\t\t<\/div>\n\t\t\t\t<\/div>","protected":false},"excerpt":{"rendered":"","protected":false},"author":5,"featured_media":0,"parent":0,"menu_order":0,"comment_status":"closed","ping_status":"closed","template":"","meta":{"footnotes":""},"class_list":["post-5630","page","type-page","status-publish","hentry"],"yoast_head":"<!-- This site is optimized with the Yoast SEO plugin v26.9 - https:\/\/yoast.com\/product\/yoast-seo-wordpress\/ -->\n<title>Sitemap - SDC Travaux sp\u00e9cialis\u00e9s<\/title>\n<meta name=\"robots\" content=\"index, follow, max-snippet:-1, max-image-preview:large, max-video-preview:-1\" \/>\n<link rel=\"canonical\" href=\"https:\/\/sdconline.com\/en\/sitemap\/\" \/>\n<meta property=\"og:locale\" content=\"en_US\" \/>\n<meta property=\"og:type\" content=\"article\" \/>\n<meta property=\"og:title\" content=\"Sitemap - SDC Travaux sp\u00e9cialis\u00e9s\" \/>\n<meta property=\"og:url\" content=\"https:\/\/sdconline.com\/en\/sitemap\/\" \/>\n<meta property=\"og:site_name\" content=\"SDC Travaux sp\u00e9cialis\u00e9s\" \/>\n<meta property=\"article:modified_time\" content=\"2026-03-31T22:16:16+00:00\" \/>\n<meta name=\"twitter:card\" content=\"summary_large_image\" \/>\n<meta name=\"twitter:label1\" content=\"Est. reading time\" \/>\n\t<meta name=\"twitter:data1\" content=\"2 minutes\" \/>\n<script type=\"application\/ld+json\" class=\"yoast-schema-graph\">{\"@context\":\"https:\/\/schema.org\",\"@graph\":[{\"@type\":\"WebPage\",\"@id\":\"https:\/\/sdconline.com\/sitemap\/\",\"url\":\"https:\/\/sdconline.com\/sitemap\/\",\"name\":\"Sitemap - SDC Travaux sp\u00e9cialis\u00e9s\",\"isPartOf\":{\"@id\":\"https:\/\/sdconline.com\/#website\"},\"datePublished\":\"2026-03-31T22:12:20+00:00\",\"dateModified\":\"2026-03-31T22:16:16+00:00\",\"breadcrumb\":{\"@id\":\"https:\/\/sdconline.com\/sitemap\/#breadcrumb\"},\"inLanguage\":\"en-CA\",\"potentialAction\":[{\"@type\":\"ReadAction\",\"target\":[\"https:\/\/sdconline.com\/sitemap\/\"]}]},{\"@type\":\"BreadcrumbList\",\"@id\":\"https:\/\/sdconline.com\/sitemap\/#breadcrumb\",\"itemListElement\":[{\"@type\":\"ListItem\",\"position\":1,\"name\":\"Accueil\",\"item\":\"https:\/\/sdconline.com\/\"},{\"@type\":\"ListItem\",\"position\":2,\"name\":\"Sitemap\"}]},{\"@type\":\"WebSite\",\"@id\":\"https:\/\/sdconline.com\/#website\",\"url\":\"https:\/\/sdconline.com\/\",\"name\":\"SDC Travaux sp\u00e9cialis\u00e9s\",\"description\":\"\",\"publisher\":{\"@id\":\"https:\/\/sdconline.com\/#organization\"},\"potentialAction\":[{\"@type\":\"SearchAction\",\"target\":{\"@type\":\"EntryPoint\",\"urlTemplate\":\"https:\/\/sdconline.com\/?s={search_term_string}\"},\"query-input\":{\"@type\":\"PropertyValueSpecification\",\"valueRequired\":true,\"valueName\":\"search_term_string\"}}],\"inLanguage\":\"en-CA\"},{\"@type\":\"Organization\",\"@id\":\"https:\/\/sdconline.com\/#organization\",\"name\":\"SDC Travaux sp\u00e9cialis\u00e9s\",\"url\":\"https:\/\/sdconline.com\/\",\"logo\":{\"@type\":\"ImageObject\",\"inLanguage\":\"en-CA\",\"@id\":\"https:\/\/sdconline.com\/#\/schema\/logo\/image\/\",\"url\":\"https:\/\/sdconline.com\/wp-content\/uploads\/2025\/05\/305396420_480054937463990_5230717813518802062_n.jpg\",\"contentUrl\":\"https:\/\/sdconline.com\/wp-content\/uploads\/2025\/05\/305396420_480054937463990_5230717813518802062_n.jpg\",\"width\":458,\"height\":231,\"caption\":\"SDC Travaux sp\u00e9cialis\u00e9s\"},\"image\":{\"@id\":\"https:\/\/sdconline.com\/#\/schema\/logo\/image\/\"}}]}<\/script>\n<!-- \/ Yoast SEO plugin. -->","yoast_head_json":{"title":"Sitemap - SDC Travaux sp\u00e9cialis\u00e9s","robots":{"index":"index","follow":"follow","max-snippet":"max-snippet:-1","max-image-preview":"max-image-preview:large","max-video-preview":"max-video-preview:-1"},"canonical":"https:\/\/sdconline.com\/en\/sitemap\/","og_locale":"en_US","og_type":"article","og_title":"Sitemap - SDC Travaux sp\u00e9cialis\u00e9s","og_url":"https:\/\/sdconline.com\/en\/sitemap\/","og_site_name":"SDC Travaux sp\u00e9cialis\u00e9s","article_modified_time":"2026-03-31T22:16:16+00:00","twitter_card":"summary_large_image","twitter_misc":{"Est. reading time":"2 minutes"},"schema":{"@context":"https:\/\/schema.org","@graph":[{"@type":"WebPage","@id":"https:\/\/sdconline.com\/sitemap\/","url":"https:\/\/sdconline.com\/sitemap\/","name":"Sitemap - SDC Travaux sp\u00e9cialis\u00e9s","isPartOf":{"@id":"https:\/\/sdconline.com\/#website"},"datePublished":"2026-03-31T22:12:20+00:00","dateModified":"2026-03-31T22:16:16+00:00","breadcrumb":{"@id":"https:\/\/sdconline.com\/sitemap\/#breadcrumb"},"inLanguage":"en-CA","potentialAction":[{"@type":"ReadAction","target":["https:\/\/sdconline.com\/sitemap\/"]}]},{"@type":"BreadcrumbList","@id":"https:\/\/sdconline.com\/sitemap\/#breadcrumb","itemListElement":[{"@type":"ListItem","position":1,"name":"Accueil","item":"https:\/\/sdconline.com\/"},{"@type":"ListItem","position":2,"name":"Sitemap"}]},{"@type":"WebSite","@id":"https:\/\/sdconline.com\/#website","url":"https:\/\/sdconline.com\/","name":"SDC Travaux sp\u00e9cialis\u00e9s","description":"","publisher":{"@id":"https:\/\/sdconline.com\/#organization"},"potentialAction":[{"@type":"SearchAction","target":{"@type":"EntryPoint","urlTemplate":"https:\/\/sdconline.com\/?s={search_term_string}"},"query-input":{"@type":"PropertyValueSpecification","valueRequired":true,"valueName":"search_term_string"}}],"inLanguage":"en-CA"},{"@type":"Organization","@id":"https:\/\/sdconline.com\/#organization","name":"SDC Travaux sp\u00e9cialis\u00e9s","url":"https:\/\/sdconline.com\/","logo":{"@type":"ImageObject","inLanguage":"en-CA","@id":"https:\/\/sdconline.com\/#\/schema\/logo\/image\/","url":"https:\/\/sdconline.com\/wp-content\/uploads\/2025\/05\/305396420_480054937463990_5230717813518802062_n.jpg","contentUrl":"https:\/\/sdconline.com\/wp-content\/uploads\/2025\/05\/305396420_480054937463990_5230717813518802062_n.jpg","width":458,"height":231,"caption":"SDC Travaux sp\u00e9cialis\u00e9s"},"image":{"@id":"https:\/\/sdconline.com\/#\/schema\/logo\/image\/"}}]}},"acf":[],"_links":{"self":[{"href":"https:\/\/sdconline.com\/en\/wp-json\/wp\/v2\/pages\/5630","targetHints":{"allow":["GET"]}}],"collection":[{"href":"https:\/\/sdconline.com\/en\/wp-json\/wp\/v2\/pages"}],"about":[{"href":"https:\/\/sdconline.com\/en\/wp-json\/wp\/v2\/types\/page"}],"author":[{"embeddable":true,"href":"https:\/\/sdconline.com\/en\/wp-json\/wp\/v2\/users\/5"}],"replies":[{"embeddable":true,"href":"https:\/\/sdconline.com\/en\/wp-json\/wp\/v2\/comments?post=5630"}],"version-history":[{"count":7,"href":"https:\/\/sdconline.com\/en\/wp-json\/wp\/v2\/pages\/5630\/revisions"}],"predecessor-version":[{"id":5637,"href":"https:\/\/sdconline.com\/en\/wp-json\/wp\/v2\/pages\/5630\/revisions\/5637"}],"wp:attachment":[{"href":"https:\/\/sdconline.com\/en\/wp-json\/wp\/v2\/media?parent=5630"}],"curies":[{"name":"wp","href":"https:\/\/api.w.org\/{rel}","templated":true}]}}